{"id":89,"date":"2026-04-01T13:38:55","date_gmt":"2026-04-01T13:38:55","guid":{"rendered":"https:\/\/aliceleperchois.com\/?page_id=89"},"modified":"2026-04-20T14:33:36","modified_gmt":"2026-04-20T14:33:36","slug":"a-propos","status":"publish","type":"page","link":"https:\/\/aliceleperchois.com\/a-propos\/","title":{"rendered":"A propos"},"content":{"rendered":"\t\t<div data-elementor-type=\"wp-page\" data-elementor-id=\"89\" class=\"elementor elementor-89\">\n\t\t\t\t<div class=\"elementor-element elementor-element-4e9d6d6 e-flex e-con-boxed e-con e-parent\" data-id=\"4e9d6d6\" data-element_type=\"container\" data-e-type=\"container\" data-settings=\"{&quot;background_background&quot;:&quot;slideshow&quot;,&quot;background_slideshow_gallery&quot;:[{&quot;id&quot;:94,&quot;url&quot;:&quot;https:\\\/\\\/aliceleperchois.com\\\/wp-content\\\/uploads\\\/2026\\\/04\\\/top-view-african-sportsman-looking-his-wristwatch-scaled.jpg&quot;}],&quot;background_slideshow_loop&quot;:&quot;yes&quot;,&quot;background_slideshow_slide_duration&quot;:5000,&quot;background_slideshow_slide_transition&quot;:&quot;fade&quot;,&quot;background_slideshow_transition_duration&quot;:500}\">\n\t\t\t\t\t<div class=\"e-con-inner\">\n\t\t\t\t\t\t\t<h1 \n\t\tdata-interaction-id=\"eb8f95d\" \n\t\tclass=\"e-eb8f95d-d866a52 e-heading-base\" \n\t\t \n\t\t\n\t>\n\t\n\t\t\tDERRI\u00c8RE MOVE\u2019UP COACHING, <br>UNE HISTOIRE DE PASSION \n\t\t<\/h1>\n\t\t\t\t\t\n<hr class=\"e-divider-base\" data-interaction-id=\"cb256c9\"   \/>\n\t\t\t\t\t\n<hr class=\"e-divider-base\" data-interaction-id=\"afd60aa\"   \/>\n\t\t\t\t\t\n<hr class=\"e-divider-base\" data-interaction-id=\"8828047\"   \/>\n\t\t\t\t\t\n<hr class=\"e-divider-base\" data-interaction-id=\"6a82ce0\"   \/>\n\t\t\t\t\t\n<hr class=\"e-divider-base\" data-interaction-id=\"7597cfc\"   \/>\n\t\t\t\t\t\n<hr class=\"e-divider-base\" data-interaction-id=\"2199291\"   \/>\n\t\t\t\t\t\n<hr class=\"e-divider-base\" data-interaction-id=\"3470d05\"   \/>\n\t\t\t\t\t\n<hr class=\"e-divider-base\" data-interaction-id=\"65dfae6\"   \/>\n\t\t\t\t\t\n<hr class=\"e-divider-base\" data-interaction-id=\"8e8cb22\"   \/>\n\t\t\t\t\t<\/div>\n\t\t\t\t<\/div>\n\t\t\t\t<div class=\"elementor-element elementor-element-40eec50 e-con e-atomic-element e-flexbox-base e-40eec50-6405e6b\" data-id=\"40eec50\" data-element_type=\"e-flexbox\" data-e-type=\"e-flexbox\" data-interaction-id=\"40eec50\">\n\t\t\t\t\t\t\t\t<p class=\"e-paragraph-base\" data-interaction-id=\"4964e69\"  >\n\t\t\t\t\t\t\t\tJe m\u2019appelle Benjamin Dubois, coach sportif dipl\u00f4m\u00e9 et passionn\u00e9 par le d\u00e9passement de soi. Install\u00e9 en bord de mer \u00e0 Granville, je puise mon \u00e9nergie dans cet environnement unique pour t\u2019aider \u00e0 r\u00e9v\u00e9ler la tienne. Mon objectif est simple : t\u2019accompagner pour que chaque s\u00e9ance devienne un pas vers la meilleure version de toi-m\u00eame.<br>Que ce soit en coaching individuel, en ligne ou en petit groupe, j\u2019adapte chaque programme \u00e0 ton niveau, tes objectifs et ton rythme. <br><br>\n\t\t\t\t\t<\/p>\n\t\t\t\t<\/div>\n\t\t<div class=\"elementor-element elementor-element-c75a2df e-flex e-con-boxed e-con e-parent\" data-id=\"c75a2df\" data-element_type=\"container\" data-e-type=\"container\">\n\t\t\t\t\t<div class=\"e-con-inner\">\n\t\t<div class=\"elementor-element elementor-element-70fe1b7 e-con-full e-flex e-con e-child\" data-id=\"70fe1b7\" data-element_type=\"container\" data-e-type=\"container\" data-settings=\"{&quot;background_background&quot;:&quot;classic&quot;}\">\n\t\t\t\t\t\t\t\t<p class=\"e-00203e8-ab235ba e-paragraph-base\" data-interaction-id=\"00203e8\"  >\n\t\t\t\t\t\t\t\t<em id=\"e-mnq2nu5z-vzx5uti\">\u201cTransformer ton potentiel en r\u00e9sultats concrets, c\u2019est ma mission.\u201d<\/em>\n\t\t\t\t\t<\/p>\n\t\t\t\t\t\t\t\t<p class=\"e-556a038-52e06ce e-paragraph-base\" data-interaction-id=\"556a038\"  >\n\t\t\t\t\t\t\t\t\u2501 Benjamin DUBOIS\n\t\t\t\t\t<\/p>\n\t\t\t\t<\/div>\n\t\t\t\t\t<\/div>\n\t\t\t\t<\/div>\n\t\t<div class=\"elementor-element elementor-element-6ab28f1 e-flex e-con-boxed e-con e-parent\" data-id=\"6ab28f1\" data-element_type=\"container\" data-e-type=\"container\">\n\t\t\t\t\t<div class=\"e-con-inner\">\n\t\t\t\t\t\t\t\t<p class=\"e-paragraph-base\" data-interaction-id=\"43ebdb0\"  >\n\t\t\t\t\t\t\t\tS\u2019entra\u00eener face \u00e0 l\u2019air marin ou dans un cadre inspirant permet de se reconnecter \u00e0 soi et de repousser ses limites naturellement. Pour moi, le sport n\u2019est pas seulement une question de performance : c\u2019est aussi du bien-\u00eatre, de la confiance en soi et une discipline positive.<br><br>Avec moi, tu b\u00e9n\u00e9ficies d\u2019un suivi personnalis\u00e9, de conseils techniques pr\u00e9cis et d\u2019une motivation constante. Ensemble, nous allons allier \u00e9nergie, progression et plaisir, dans un esprit libre et dynamique, pour que chaque entra\u00eenement compte et que chaque objectif devienne atteignable.\n\t\t\t\t\t<\/p>\n\t\t\t\t\t<\/div>\n\t\t\t\t<\/div>\n\t\t<div class=\"elementor-element elementor-element-55b988a e-flex e-con-boxed e-con e-parent\" data-id=\"55b988a\" data-element_type=\"container\" data-e-type=\"container\">\n\t\t\t\t\t<div class=\"e-con-inner\">\n\t\t\t\t\t\t\t<h2 \n\t\tdata-interaction-id=\"fe54760\" \n\t\tclass=\"e-fe54760-704e81b e-heading-base\" \n\t\t \n\t\t\n\t>\n\t\n\t\t\tMES DIPLOMES\n\t\t<\/h2>\n\t\t\t\t\t<\/div>\n\t\t\t\t<\/div>\n\t\t<div class=\"elementor-element elementor-element-aefc221 e-grid e-con-boxed e-con e-parent\" data-id=\"aefc221\" data-element_type=\"container\" data-e-type=\"container\">\n\t\t\t\t\t<div class=\"e-con-inner\">\n\t\t\t\t<div class=\"elementor-element elementor-element-e513774 e-con e-atomic-element e-flexbox-base e-e513774-9b4cfec\" data-id=\"e513774\" data-element_type=\"e-flexbox\" data-e-type=\"e-flexbox\" data-interaction-id=\"e513774\">\n\t\t\t\t\t\t\t\t<p class=\"e-95b91d7-eb64aa8 e-paragraph-base\" data-interaction-id=\"95b91d7\"  >\n\t\t\t\t\t\t\t\t<strong id=\"e-mnq3mlyj-qlu0wvt\">BPJEPS APT<br><\/strong>Activit\u00e9s pour tous\n\t\t\t\t\t<\/p>\n\t\t\t\t<\/div>\n\t\t\t\t<div class=\"elementor-element elementor-element-7c090e5 e-con e-atomic-element e-flexbox-base e-7c090e5-3d2a992\" data-id=\"7c090e5\" data-element_type=\"e-flexbox\" data-e-type=\"e-flexbox\" data-interaction-id=\"7c090e5\">\n\t\t\t\t\t\t\t\t<p class=\"e-f7c8f81-924176f e-paragraph-base\" data-interaction-id=\"f7c8f81\"  >\n\t\t\t\t\t\t\t\t<strong id=\"e-mnq3mpd4-6715ygq\">Licence STAPS<br><\/strong>Sciences et techniques des APS\n\t\t\t\t\t<\/p>\n\t\t\t\t<\/div>\n\t\t\t\t<div class=\"elementor-element elementor-element-e031082 e-con e-atomic-element e-flexbox-base e-e031082-12afe6a\" data-id=\"e031082\" data-element_type=\"e-flexbox\" data-e-type=\"e-flexbox\" data-interaction-id=\"e031082\">\n\t\t\t\t\t\t\t\t<p class=\"e-9c5c726-fb1c2b9 e-paragraph-base\" data-interaction-id=\"9c5c726\"  >\n\t\t\t\t\t\t\t\t<strong id=\"e-mnq3mrc9-h62uuf3\">Licence STAPS<br><\/strong>Sciences et techniques des APS\n\t\t\t\t\t<\/p>\n\t\t\t\t<\/div>\n\t\t\t\t\t<\/div>\n\t\t\t\t<\/div>\n\t\t<div class=\"elementor-element elementor-element-604aad9 e-grid e-con-boxed e-con e-parent\" data-id=\"604aad9\" data-element_type=\"container\" data-e-type=\"container\">\n\t\t\t\t\t<div class=\"e-con-inner\">\n\t\t\t\t\t\n<hr class=\"e-51dd90c-90e6bf7 e-divider-base\" data-interaction-id=\"51dd90c\"   \/>\n\t\t\t\t<div class=\"elementor-element elementor-element-f434dcb e-con e-atomic-element e-flexbox-base e-f434dcb-1869666\" data-id=\"f434dcb\" data-element_type=\"e-flexbox\" data-e-type=\"e-flexbox\" data-interaction-id=\"f434dcb\">\n\t\t\t\t\t\t\t\t<p class=\"e-490d795-598b6c3 e-paragraph-base\" data-interaction-id=\"490d795\"  >\n\t\t\t\t\t\t\t\t<strong id=\"e-mnq3ovzr-r7394kk\">Pr\u00e9paration mentale<br><\/strong>Certification coaching mental\n\t\t\t\t\t<\/p>\n\t\t\t\t<\/div>\n\t\t\t\t\t\n<hr class=\"e-5a6ff3b-8730315 e-divider-base\" data-interaction-id=\"5a6ff3b\"   \/>\n\t\t\t\t\t<\/div>\n\t\t\t\t<\/div>\n\t\t<div class=\"elementor-element elementor-element-a3ad53e e-flex e-con-boxed e-con e-parent\" data-id=\"a3ad53e\" data-element_type=\"container\" data-e-type=\"container\" data-settings=\"{&quot;background_background&quot;:&quot;classic&quot;}\">\n\t\t\t\t\t<div class=\"e-con-inner\">\n\t\t\t\t\t\t\t<h2 \n\t\tdata-interaction-id=\"a14288d\" \n\t\tclass=\"e-a14288d-91797e7 e-heading-base\" \n\t\t \n\t\t\n\t>\n\t\n\t\t\tILS M\u2019ONT FAIT CONFIANCE\n\t\t<\/h2>\n\t\t\t\t\t<\/div>\n\t\t\t\t<\/div>\n\t\t<div class=\"elementor-element elementor-element-ae0320f e-flex e-con-boxed e-con e-parent\" data-id=\"ae0320f\" data-element_type=\"container\" data-e-type=\"container\">\n\t\t\t\t\t<div class=\"e-con-inner\">\n\t\t<div class=\"elementor-element elementor-element-5c1388e e-con-full e-flex e-con e-child\" data-id=\"5c1388e\" data-element_type=\"container\" data-e-type=\"container\" data-settings=\"{&quot;background_background&quot;:&quot;classic&quot;}\">\n\t\t\t\t\t\t\t\t<p class=\"e-17e720d-a87632e e-paragraph-base\" data-interaction-id=\"17e720d\"  >\n\t\t\t\t\t\t\t\tApr\u00e8s 3 ans de s\u00e9dentarit\u00e9, je pensais que retrouver la forme \u00e9tait impossible. En 4 mois avec Move'Up Coaching, j'ai perdu 8 kilos, retrouv\u00e9 de l'\u00e9nergie et surtout une vraie hygi\u00e8ne de vie. Le suivi est exceptionnel, on ne se sent jamais seul.<br>\n\t\t\t\t\t<\/p>\n\t\t\t\t<div class=\"elementor-element elementor-element-bc31e9e elementor-align-start elementor-icon-list--layout-traditional elementor-list-item-link-full_width elementor-widget elementor-widget-icon-list\" data-id=\"bc31e9e\" data-element_type=\"widget\" data-e-type=\"widget\" data-widget_type=\"icon-list.default\">\n\t\t\t\t\t\t\t<ul class=\"elementor-icon-list-items\">\n\t\t\t\t\t\t\t<li class=\"elementor-icon-list-item\">\n\t\t\t\t\t\t\t\t\t\t\t<span class=\"elementor-icon-list-icon\">\n\t\t\t\t\t\t\t<svg xmlns=\"http:\/\/www.w3.org\/2000\/svg\" width=\"75\" height=\"75\" viewBox=\"0 0 75 75\" fill=\"none\"><circle cx=\"37.5\" cy=\"37.5\" r=\"37\" fill=\"#134691\" stroke=\"#134691\"><\/circle><path d=\"M27.6621 24.6719H30.9434L37.1104 41.1221L43.2627 24.6719H46.5439L38.3994 46H35.792L27.6621 24.6719ZM26.168 24.6719H29.2881L29.8301 38.9102V46H26.168V24.6719ZM44.918 24.6719H48.0527V46H44.376V38.9102L44.918 24.6719Z\" fill=\"white\"><\/path><\/svg>\t\t\t\t\t\t<\/span>\n\t\t\t\t\t\t\t\t\t\t<span class=\"elementor-icon-list-text\">MARIE T<\/span>\n\t\t\t\t\t\t\t\t\t<\/li>\n\t\t\t\t\t\t<\/ul>\n\t\t\t\t\t\t<\/div>\n\t\t\t\t<\/div>\n\t\t<div class=\"elementor-element elementor-element-2b05d07 e-con-full e-flex e-con e-child\" data-id=\"2b05d07\" data-element_type=\"container\" data-e-type=\"container\">\n\t\t\t\t<\/div>\n\t\t<div class=\"elementor-element elementor-element-7faa053 e-con-full e-flex e-con e-child\" data-id=\"7faa053\" data-element_type=\"container\" data-e-type=\"container\" data-settings=\"{&quot;background_background&quot;:&quot;classic&quot;}\">\n\t\t\t\t\t\t\t\t<p class=\"e-414894e-7edbced e-paragraph-base\" data-interaction-id=\"414894e\"  >\n\t\t\t\t\t\t\t\tJ'ai pr\u00e9par\u00e9 mon premier marathon avec Benjamin. La planification \u00e9tait parfaite, les s\u00e9ances adapt\u00e9es et le coaching mental a \u00e9t\u00e9 d\u00e9cisif. J'ai termin\u00e9 en 3h52, un r\u00eave accompli. Je recommande sans h\u00e9siter.\n\t\t\t\t\t<\/p>\n\t\t\t\t<div class=\"elementor-element elementor-element-345e911 elementor-icon-list--layout-traditional elementor-list-item-link-full_width elementor-widget elementor-widget-icon-list\" data-id=\"345e911\" data-element_type=\"widget\" data-e-type=\"widget\" data-widget_type=\"icon-list.default\">\n\t\t\t\t\t\t\t<ul class=\"elementor-icon-list-items\">\n\t\t\t\t\t\t\t<li class=\"elementor-icon-list-item\">\n\t\t\t\t\t\t\t\t\t\t\t<span class=\"elementor-icon-list-icon\">\n\t\t\t\t\t\t\t<svg xmlns=\"http:\/\/www.w3.org\/2000\/svg\" width=\"75\" height=\"75\" viewBox=\"0 0 75 75\" fill=\"none\"><circle cx=\"37.5\" cy=\"37.5\" r=\"37\" fill=\"#134691\" stroke=\"#134691\"><\/circle><path d=\"M43.5273 46.085V49H32.8193V46.085H43.5273ZM33.8447 27.6719V49H30.168V27.6719H33.8447Z\" fill=\"white\"><\/path><\/svg>\t\t\t\t\t\t<\/span>\n\t\t\t\t\t\t\t\t\t\t<span class=\"elementor-icon-list-text\">LUDOVIC L<\/span>\n\t\t\t\t\t\t\t\t\t<\/li>\n\t\t\t\t\t\t<\/ul>\n\t\t\t\t\t\t<\/div>\n\t\t\t\t<\/div>\n\t\t<div class=\"elementor-element elementor-element-1a31111 e-con-full e-flex e-con e-child\" data-id=\"1a31111\" data-element_type=\"container\" data-e-type=\"container\">\n\t\t\t\t<\/div>\n\t\t<div class=\"elementor-element elementor-element-80bc506 e-con-full e-flex e-con e-child\" data-id=\"80bc506\" data-element_type=\"container\" data-e-type=\"container\" data-settings=\"{&quot;background_background&quot;:&quot;classic&quot;}\">\n\t\t\t\t\t\t\t\t<p class=\"e-96979ff-e7b1aeb e-paragraph-base\" data-interaction-id=\"96979ff\"  >\n\t\t\t\t\t\t\t\tLe coaching en ligne \u00e9tait souvent ma seule option vu mes horaires de travail. Quelle surprise ! Le niveau de suivi est identique au pr\u00e9sentiel, et la flexibilit\u00e9 est incomparable. Les programmes sont clairs, les feedbacks rapides et tr\u00e8s constructifs.\n\t\t\t\t\t<\/p>\n\t\t\t\t<div class=\"elementor-element elementor-element-b1af9d8 elementor-icon-list--layout-traditional elementor-list-item-link-full_width elementor-widget elementor-widget-icon-list\" data-id=\"b1af9d8\" data-element_type=\"widget\" data-e-type=\"widget\" data-widget_type=\"icon-list.default\">\n\t\t\t\t\t\t\t<ul class=\"elementor-icon-list-items\">\n\t\t\t\t\t\t\t<li class=\"elementor-icon-list-item\">\n\t\t\t\t\t\t\t\t\t\t\t<span class=\"elementor-icon-list-icon\">\n\t\t\t\t\t\t\t<svg xmlns=\"http:\/\/www.w3.org\/2000\/svg\" width=\"75\" height=\"75\" viewBox=\"0 0 75 75\" fill=\"none\"><circle cx=\"37.5\" cy=\"37.5\" r=\"37\" fill=\"#134691\" stroke=\"#134691\"><\/circle><path d=\"M37.4775 44.1035L43.0879 26.6719H47.1455L39.499 48H36.7598L37.4775 44.1035ZM32.292 26.6719L37.8584 44.1035L38.6201 48H35.8662L28.249 26.6719H32.292Z\" fill=\"white\"><\/path><\/svg>\t\t\t\t\t\t<\/span>\n\t\t\t\t\t\t\t\t\t\t<span class=\"elementor-icon-list-text\">VIRGINIE H<\/span>\n\t\t\t\t\t\t\t\t\t<\/li>\n\t\t\t\t\t\t<\/ul>\n\t\t\t\t\t\t<\/div>\n\t\t\t\t<\/div>\n\t\t\t\t\t<\/div>\n\t\t\t\t<\/div>\n\t\t<div class=\"elementor-element elementor-element-d9f39ce e-flex e-con-boxed e-con e-parent\" data-id=\"d9f39ce\" data-element_type=\"container\" data-e-type=\"container\" data-settings=\"{&quot;background_background&quot;:&quot;slideshow&quot;,&quot;background_slideshow_gallery&quot;:[],&quot;background_slideshow_loop&quot;:&quot;yes&quot;,&quot;background_slideshow_slide_duration&quot;:5000,&quot;background_slideshow_slide_transition&quot;:&quot;fade&quot;,&quot;background_slideshow_transition_duration&quot;:500}\">\n\t\t\t\t\t<div class=\"e-con-inner\">\n\t\t\t\t<div class=\"elementor-element elementor-element-ba2f35e elementor-widget elementor-widget-image\" data-id=\"ba2f35e\" data-element_type=\"widget\" data-e-type=\"widget\" data-widget_type=\"image.default\">\n\t\t\t\t\t\t\t\t\t\t\t\t\t\t\t<img fetchpriority=\"high\" decoding=\"async\" width=\"1536\" height=\"713\" src=\"https:\/\/aliceleperchois.com\/wp-content\/uploads\/2026\/04\/portrait-young-tired-african-fitness-man-earphones-resting-1-1536x713.jpg\" class=\"attachment-1536x1536 size-1536x1536 wp-image-1429\" alt=\"Sportif assis sur une piste d&#039;ath\u00e9tisme\" srcset=\"https:\/\/aliceleperchois.com\/wp-content\/uploads\/2026\/04\/portrait-young-tired-african-fitness-man-earphones-resting-1-1536x713.jpg 1536w, https:\/\/aliceleperchois.com\/wp-content\/uploads\/2026\/04\/portrait-young-tired-african-fitness-man-earphones-resting-1-300x139.jpg 300w, https:\/\/aliceleperchois.com\/wp-content\/uploads\/2026\/04\/portrait-young-tired-african-fitness-man-earphones-resting-1-1024x476.jpg 1024w, https:\/\/aliceleperchois.com\/wp-content\/uploads\/2026\/04\/portrait-young-tired-african-fitness-man-earphones-resting-1-768x357.jpg 768w, https:\/\/aliceleperchois.com\/wp-content\/uploads\/2026\/04\/portrait-young-tired-african-fitness-man-earphones-resting-1-2048x951.jpg 2048w\" sizes=\"(max-width: 1536px) 100vw, 1536px\" \/>\t\t\t\t\t\t\t\t\t\t\t\t\t\t\t<\/div>\n\t\t\t\t\t<\/div>\n\t\t\t\t<\/div>\n\t\t\t\t<\/div>\n\t\t","protected":false},"excerpt":{"rendered":"<p>DERRI\u00c8RE MOVE\u2019UP COACHING, UNE HISTOIRE DE PASSION Je m\u2019appelle Benjamin Dubois, coach sportif dipl\u00f4m\u00e9 et passionn\u00e9 par le d\u00e9passement de [&hellip;]<\/p>\n","protected":false},"author":1,"featured_media":0,"parent":0,"menu_order":0,"comment_status":"closed","ping_status":"closed","template":"","meta":{"site-sidebar-layout":"no-sidebar","site-content-layout":"","ast-site-content-layout":"full-width-container","site-content-style":"default","site-sidebar-style":"default","ast-global-header-display":"","ast-banner-title-visibility":"","ast-main-header-display":"","ast-hfb-above-header-display":"","ast-hfb-below-header-display":"","ast-hfb-mobile-header-display":"","site-post-title":"disabled","ast-breadcrumbs-content":"","ast-featured-img":"disabled","footer-sml-layout":"","ast-disable-related-posts":"","theme-transparent-header-meta":"","adv-header-id-meta":"","stick-header-meta":"","header-above-stick-meta":"","header-main-stick-meta":"","header-below-stick-meta":"","astra-migrate-meta-layouts":"default","ast-page-background-enabled":"default","ast-page-background-meta":{"desktop":{"background-color":"var(--ast-global-color-5)","background-image":"","background-repeat":"repeat","background-position":"center center","background-size":"auto","background-attachment":"scroll","background-type":"","background-media":"","overlay-type":"","overlay-color":"","overlay-opacity":"","overlay-gradient":""},"tablet":{"background-color":"","background-image":"","background-repeat":"repeat","background-position":"center center","background-size":"auto","background-attachment":"scroll","background-type":"","background-media":"","overlay-type":"","overlay-color":"","overlay-opacity":"","overlay-gradient":""},"mobile":{"background-color":"","background-image":"","background-repeat":"repeat","background-position":"center center","background-size":"auto","background-attachment":"scroll","background-type":"","background-media":"","overlay-type":"","overlay-color":"","overlay-opacity":"","overlay-gradient":""}},"ast-content-background-meta":{"desktop":{"background-color":"var(--ast-global-color-4)","background-image":"","background-repeat":"repeat","background-position":"center center","background-size":"auto","background-attachment":"scroll","background-type":"","background-media":"","overlay-type":"","overlay-color":"","overlay-opacity":"","overlay-gradient":""},"tablet":{"background-color":"var(--ast-global-color-4)","background-image":"","background-repeat":"repeat","background-position":"center center","background-size":"auto","background-attachment":"scroll","background-type":"","background-media":"","overlay-type":"","overlay-color":"","overlay-opacity":"","overlay-gradient":""},"mobile":{"background-color":"var(--ast-global-color-4)","background-image":"","background-repeat":"repeat","background-position":"center center","background-size":"auto","background-attachment":"scroll","background-type":"","background-media":"","overlay-type":"","overlay-color":"","overlay-opacity":"","overlay-gradient":""}},"footnotes":""},"class_list":["post-89","page","type-page","status-publish","hentry"],"_links":{"self":[{"href":"https:\/\/aliceleperchois.com\/wp-json\/wp\/v2\/pages\/89","targetHints":{"allow":["GET"]}}],"collection":[{"href":"https:\/\/aliceleperchois.com\/wp-json\/wp\/v2\/pages"}],"about":[{"href":"https:\/\/aliceleperchois.com\/wp-json\/wp\/v2\/types\/page"}],"author":[{"embeddable":true,"href":"https:\/\/aliceleperchois.com\/wp-json\/wp\/v2\/users\/1"}],"replies":[{"embeddable":true,"href":"https:\/\/aliceleperchois.com\/wp-json\/wp\/v2\/comments?post=89"}],"version-history":[{"count":122,"href":"https:\/\/aliceleperchois.com\/wp-json\/wp\/v2\/pages\/89\/revisions"}],"predecessor-version":[{"id":1469,"href":"https:\/\/aliceleperchois.com\/wp-json\/wp\/v2\/pages\/89\/revisions\/1469"}],"wp:attachment":[{"href":"https:\/\/aliceleperchois.com\/wp-json\/wp\/v2\/media?parent=89"}],"curies":[{"name":"wp","href":"https:\/\/api.w.org\/{rel}","templated":true}]}}