{"id":52,"date":"2026-03-31T14:23:52","date_gmt":"2026-03-31T14:23:52","guid":{"rendered":"https:\/\/aliceleperchois.com\/?page_id=52"},"modified":"2026-04-17T12:08:40","modified_gmt":"2026-04-17T12:08:40","slug":"objectif-personnalise","status":"publish","type":"page","link":"https:\/\/aliceleperchois.com\/objectif-personnalise\/","title":{"rendered":"Objectif personnalis\u00e9"},"content":{"rendered":"\t\t<div data-elementor-type=\"wp-page\" data-elementor-id=\"52\" class=\"elementor elementor-52\">\n\t\t\t\t<div class=\"elementor-element elementor-element-3aec248 e-flex e-con-boxed e-con e-parent\" data-id=\"3aec248\" data-element_type=\"container\" data-e-type=\"container\" data-settings=\"{&quot;background_background&quot;:&quot;slideshow&quot;,&quot;background_slideshow_gallery&quot;:[{&quot;id&quot;:234,&quot;url&quot;:&quot;https:\\\/\\\/aliceleperchois.com\\\/wp-content\\\/uploads\\\/2026\\\/04\\\/woman-with-notebook-medium-shot-scaled.jpg&quot;}],&quot;background_slideshow_loop&quot;:&quot;yes&quot;,&quot;background_slideshow_slide_duration&quot;:5000,&quot;background_slideshow_slide_transition&quot;:&quot;fade&quot;,&quot;background_slideshow_transition_duration&quot;:500}\">\n\t\t\t\t\t<div class=\"e-con-inner\">\n\t\t\t\t\t\t\t<h1 \n\t\tdata-interaction-id=\"dbe5ef5\" \n\t\tclass=\"e-dbe5ef5-4e2caed e-heading-base\" \n\t\t \n\t\t\n\t>\n\t\n\t\t\tUN PROGRAMME CONSTRUIT <br>UNIQUEMENT POUR TOI ET TES OBJECTIFS\n\t\t<\/h1>\n\t\t\t\t\t\n<hr class=\"e-divider-base\" data-interaction-id=\"382d11e\"   \/>\n\t\t\t\t\t\t\t\t<p class=\"e-paragraph-base\" data-interaction-id=\"4fd91e3\"  >\n\t\t\t\t\t\t\t\tSaisissez ici votre paragraphe\n\t\t\t\t\t<\/p>\n\t\t\t\t\t\n<hr class=\"e-divider-base\" data-interaction-id=\"765fd11\"   \/>\n\t\t\t\t\t\t\t<h2 \n\t\tdata-interaction-id=\"bacbd73\" \n\t\tclass=\"e-heading-base\" \n\t\t \n\t\t\n\t>\n\t\n\t\t\tCeci est un titre\n\t\t<\/h2>\n\t\t\t\t\t\t\t<h2 \n\t\tdata-interaction-id=\"66878d5\" \n\t\tclass=\"e-66878d5-4786247 e-heading-base\" \n\t\t \n\t\t\n\t>\n\t\n\t\t\tParce que ton corps, ton rythme et tes objectifs sont uniques.\n\t\t<\/h2>\n\t\t\t\t\t\n<hr class=\"e-divider-base\" data-interaction-id=\"4a98d36\"   \/>\n\t\t\t\t\t\n<hr class=\"e-divider-base\" data-interaction-id=\"935ef7a\"   \/>\n\t\t\t\t\t\t\t\t<p class=\"e-paragraph-base\" data-interaction-id=\"ee14564\"  >\n\t\t\t\t\t\t\t\tSaisissez ici votre paragraphe\n\t\t\t\t\t<\/p>\n\t\t\t\t\t<\/div>\n\t\t\t\t<\/div>\n\t\t\t\t<div class=\"elementor-element elementor-element-f70f0ed e-con e-atomic-element e-flexbox-base e-f70f0ed-8ff29d0\" data-id=\"f70f0ed\" data-element_type=\"e-flexbox\" data-e-type=\"e-flexbox\" data-interaction-id=\"f70f0ed\">\n\t\t\t\t\t\t\t<h2 \n\t\tdata-interaction-id=\"6b4acb8\" \n\t\tclass=\"e-6b4acb8-8a3f84e e-heading-base\" \n\t\t \n\t\t\n\t>\n\t\n\t\t\tQUAND CHAQUE SEMAINE COMPTE\n\t\t<\/h2>\n\t\t\t\t<\/div>\n\t\t\t\t<div class=\"elementor-element elementor-element-9678329 e-con e-atomic-element e-flexbox-base e-9678329-1e197ca\" data-id=\"9678329\" data-element_type=\"e-flexbox\" data-e-type=\"e-flexbox\" data-interaction-id=\"9678329\">\n\t\t\t\t\t\t\t\t<p class=\"e-11645a6-eb01f39 e-paragraph-base\" data-interaction-id=\"11645a6\"  >\n\t\t\t\t\t\t\t\t<strong>QUAND CHAQUE SEMAINE COMPTE. <\/strong>Chaque personne est UNIQUE. Ton programme doit l\u2019\u00eatre aussi.<br><br>Apr\u00e8s un \u00e9change approfondi sur tes attentes, ton niveau, ton mode de vie et tes contraintes, je construis un plan d\u2019action sur mesure, enti\u00e8rement adapt\u00e9 \u00e0 ta r\u00e9alit\u00e9.<br><br>Chaque d\u00e9tail est pens\u00e9 pour s\u2019adapter \u00e0 toi \u2014 et non l\u2019inverse.<br>Nous d\u00e9finissons ensemble des \u00e9tapes claires, progressives et r\u00e9alistes, afin de garantir une \u00e9volution durable et mesurable. Ici, pas de m\u00e9thode standard. Pas de solution toute faite. Seulement une strat\u00e9gie personnalis\u00e9e, un suivi pr\u00e9cis et un engagement commun vers des r\u00e9sultats concrets. Ton \u00e9volution ne d\u00e9pend pas du hasard, mais d\u2019un cadre structur\u00e9 et coh\u00e9rent.<br><br>Chaque semaine devient une \u00e9tape strat\u00e9gique vers ton objectif.<br>On ajuste, on optimise, on corrige en fonction de tes progr\u00e8s r\u00e9els.\n\t\t\t\t\t<\/p>\n\t\t\t\t<\/div>\n\t\t<div class=\"elementor-element elementor-element-d7f1cad e-flex e-con-boxed e-con e-parent\" data-id=\"d7f1cad\" data-element_type=\"container\" data-e-type=\"container\">\n\t\t\t\t\t<div class=\"e-con-inner\">\n\t\t<div class=\"elementor-element elementor-element-88ac041 e-con-full e-flex e-con e-child\" data-id=\"88ac041\" data-element_type=\"container\" data-e-type=\"container\">\n\t\t\t\t<\/div>\n\t\t<div class=\"elementor-element elementor-element-24a3acf e-con-full e-flex e-con e-child\" data-id=\"24a3acf\" data-element_type=\"container\" data-e-type=\"container\" data-settings=\"{&quot;background_background&quot;:&quot;classic&quot;}\">\n\t\t\t\t\t\t\t\t<p class=\"e-20b3398-2f5cc63 e-paragraph-base\" data-interaction-id=\"20b3398\"  >\n\t\t\t\t\t\t\t\tQue ton objectif soit :\n\t\t\t\t\t<\/p>\n\t\t\t\t<div class=\"elementor-element elementor-element-206d8fb elementor-icon-list--layout-traditional elementor-list-item-link-full_width elementor-widget elementor-widget-icon-list\" data-id=\"206d8fb\" data-element_type=\"widget\" data-e-type=\"widget\" data-widget_type=\"icon-list.default\">\n\t\t\t\t\t\t\t<ul class=\"elementor-icon-list-items\">\n\t\t\t\t\t\t\t<li class=\"elementor-icon-list-item\">\n\t\t\t\t\t\t\t\t\t\t\t<span class=\"elementor-icon-list-icon\">\n\t\t\t\t\t\t\t<svg xmlns=\"http:\/\/www.w3.org\/2000\/svg\" width=\"98\" height=\"98\" viewBox=\"0 0 98 98\" fill=\"none\"><circle cx=\"49\" cy=\"49\" r=\"48.5\" fill=\"#134691\" stroke=\"#E0F1F7\"><\/circle><path d=\"M33.4091 46.1765L27 51.8235L41.9545 65L74 40.5294L65.4545 33L41.9545 53.7059L33.4091 46.1765Z\" fill=\"#E0F1F7\" stroke=\"#E0F1F7\"><\/path><\/svg>\t\t\t\t\t\t<\/span>\n\t\t\t\t\t\t\t\t\t\t<span class=\"elementor-icon-list-text\">personnalis\u00e9<\/span>\n\t\t\t\t\t\t\t\t\t<\/li>\n\t\t\t\t\t\t\t\t<li class=\"elementor-icon-list-item\">\n\t\t\t\t\t\t\t\t\t\t\t<span class=\"elementor-icon-list-icon\">\n\t\t\t\t\t\t\t<svg xmlns=\"http:\/\/www.w3.org\/2000\/svg\" width=\"98\" height=\"98\" viewBox=\"0 0 98 98\" fill=\"none\"><circle cx=\"49\" cy=\"49\" r=\"48.5\" fill=\"#134691\" stroke=\"#E0F1F7\"><\/circle><path d=\"M33.4091 46.1765L27 51.8235L41.9545 65L74 40.5294L65.4545 33L41.9545 53.7059L33.4091 46.1765Z\" fill=\"#E0F1F7\" stroke=\"#E0F1F7\"><\/path><\/svg>\t\t\t\t\t\t<\/span>\n\t\t\t\t\t\t\t\t\t\t<span class=\"elementor-icon-list-text\">structur\u00e9<\/span>\n\t\t\t\t\t\t\t\t\t<\/li>\n\t\t\t\t\t\t\t\t<li class=\"elementor-icon-list-item\">\n\t\t\t\t\t\t\t\t\t\t\t<span class=\"elementor-icon-list-icon\">\n\t\t\t\t\t\t\t<svg xmlns=\"http:\/\/www.w3.org\/2000\/svg\" width=\"98\" height=\"98\" viewBox=\"0 0 98 98\" fill=\"none\"><circle cx=\"49\" cy=\"49\" r=\"48.5\" fill=\"#134691\" stroke=\"#E0F1F7\"><\/circle><path d=\"M33.4091 46.1765L27 51.8235L41.9545 65L74 40.5294L65.4545 33L41.9545 53.7059L33.4091 46.1765Z\" fill=\"#E0F1F7\" stroke=\"#E0F1F7\"><\/path><\/svg>\t\t\t\t\t\t<\/span>\n\t\t\t\t\t\t\t\t\t\t<span class=\"elementor-icon-list-text\">\u00e9volutif<\/span>\n\t\t\t\t\t\t\t\t\t<\/li>\n\t\t\t\t\t\t\t\t<li class=\"elementor-icon-list-item\">\n\t\t\t\t\t\t\t\t\t\t\t<span class=\"elementor-icon-list-icon\">\n\t\t\t\t\t\t\t<svg xmlns=\"http:\/\/www.w3.org\/2000\/svg\" width=\"98\" height=\"98\" viewBox=\"0 0 98 98\" fill=\"none\"><circle cx=\"49\" cy=\"49\" r=\"48.5\" fill=\"#134691\" stroke=\"#E0F1F7\"><\/circle><path d=\"M33.4091 46.1765L27 51.8235L41.9545 65L74 40.5294L65.4545 33L41.9545 53.7059L33.4091 46.1765Z\" fill=\"#E0F1F7\" stroke=\"#E0F1F7\"><\/path><\/svg>\t\t\t\t\t\t<\/span>\n\t\t\t\t\t\t\t\t\t\t<span class=\"elementor-icon-list-text\">orient\u00e9 r\u00e9sultats<\/span>\n\t\t\t\t\t\t\t\t\t<\/li>\n\t\t\t\t\t\t<\/ul>\n\t\t\t\t\t\t<\/div>\n\t\t\t\t<\/div>\n\t\t<div class=\"elementor-element elementor-element-8d44821 e-con-full e-flex e-con e-child\" data-id=\"8d44821\" data-element_type=\"container\" data-e-type=\"container\">\n\t\t\t\t<\/div>\n\t\t<div class=\"elementor-element elementor-element-e3e8da5 e-con-full e-flex e-con e-child\" data-id=\"e3e8da5\" data-element_type=\"container\" data-e-type=\"container\" data-settings=\"{&quot;background_background&quot;:&quot;classic&quot;}\">\n\t\t\t\t\t\t\t\t<p class=\"e-3f25a96-38b2b18 e-paragraph-base\" data-interaction-id=\"3f25a96\"  >\n\t\t\t\t\t\t\t\t<strong id=\"e-mnpp8vg0-0zm9a6l\">Ou orient\u00e9 :<\/strong>\n\t\t\t\t\t<\/p>\n\t\t\t\t<div class=\"elementor-element elementor-element-4e4fa38 elementor-icon-list--layout-traditional elementor-list-item-link-full_width elementor-widget elementor-widget-icon-list\" data-id=\"4e4fa38\" data-element_type=\"widget\" data-e-type=\"widget\" data-widget_type=\"icon-list.default\">\n\t\t\t\t\t\t\t<ul class=\"elementor-icon-list-items\">\n\t\t\t\t\t\t\t<li class=\"elementor-icon-list-item\">\n\t\t\t\t\t\t\t\t\t\t\t<span class=\"elementor-icon-list-icon\">\n\t\t\t\t\t\t\t<svg xmlns=\"http:\/\/www.w3.org\/2000\/svg\" width=\"98\" height=\"98\" viewBox=\"0 0 98 98\" fill=\"none\"><circle cx=\"49\" cy=\"49\" r=\"48.5\" fill=\"#134691\" stroke=\"#E0F1F7\"><\/circle><path d=\"M33.4091 46.1765L27 51.8235L41.9545 65L74 40.5294L65.4545 33L41.9545 53.7059L33.4091 46.1765Z\" fill=\"#E0F1F7\" stroke=\"#E0F1F7\"><\/path><\/svg>\t\t\t\t\t\t<\/span>\n\t\t\t\t\t\t\t\t\t\t<span class=\"elementor-icon-list-text\">pr\u00e9paration d\u2019un \u00e9v\u00e9nement sportif<\/span>\n\t\t\t\t\t\t\t\t\t<\/li>\n\t\t\t\t\t\t\t\t<li class=\"elementor-icon-list-item\">\n\t\t\t\t\t\t\t\t\t\t\t<span class=\"elementor-icon-list-icon\">\n\t\t\t\t\t\t\t<svg xmlns=\"http:\/\/www.w3.org\/2000\/svg\" width=\"98\" height=\"98\" viewBox=\"0 0 98 98\" fill=\"none\"><circle cx=\"49\" cy=\"49\" r=\"48.5\" fill=\"#134691\" stroke=\"#E0F1F7\"><\/circle><path d=\"M33.4091 46.1765L27 51.8235L41.9545 65L74 40.5294L65.4545 33L41.9545 53.7059L33.4091 46.1765Z\" fill=\"#E0F1F7\" stroke=\"#E0F1F7\"><\/path><\/svg>\t\t\t\t\t\t<\/span>\n\t\t\t\t\t\t\t\t\t\t<span class=\"elementor-icon-list-text\">retour apr\u00e8s blessure<\/span>\n\t\t\t\t\t\t\t\t\t<\/li>\n\t\t\t\t\t\t\t\t<li class=\"elementor-icon-list-item\">\n\t\t\t\t\t\t\t\t\t\t\t<span class=\"elementor-icon-list-icon\">\n\t\t\t\t\t\t\t<svg xmlns=\"http:\/\/www.w3.org\/2000\/svg\" width=\"98\" height=\"98\" viewBox=\"0 0 98 98\" fill=\"none\"><circle cx=\"49\" cy=\"49\" r=\"48.5\" fill=\"#134691\" stroke=\"#E0F1F7\"><\/circle><path d=\"M33.4091 46.1765L27 51.8235L41.9545 65L74 40.5294L65.4545 33L41.9545 53.7059L33.4091 46.1765Z\" fill=\"#E0F1F7\" stroke=\"#E0F1F7\"><\/path><\/svg>\t\t\t\t\t\t<\/span>\n\t\t\t\t\t\t\t\t\t\t<span class=\"elementor-icon-list-text\">transformation corporelle<\/span>\n\t\t\t\t\t\t\t\t\t<\/li>\n\t\t\t\t\t\t\t\t<li class=\"elementor-icon-list-item\">\n\t\t\t\t\t\t\t\t\t\t\t<span class=\"elementor-icon-list-icon\">\n\t\t\t\t\t\t\t<svg xmlns=\"http:\/\/www.w3.org\/2000\/svg\" width=\"98\" height=\"98\" viewBox=\"0 0 98 98\" fill=\"none\"><circle cx=\"49\" cy=\"49\" r=\"48.5\" fill=\"#134691\" stroke=\"#E0F1F7\"><\/circle><path d=\"M33.4091 46.1765L27 51.8235L41.9545 65L74 40.5294L65.4545 33L41.9545 53.7059L33.4091 46.1765Z\" fill=\"#E0F1F7\" stroke=\"#E0F1F7\"><\/path><\/svg>\t\t\t\t\t\t<\/span>\n\t\t\t\t\t\t\t\t\t\t<span class=\"elementor-icon-list-text\">gestion du stress et bien-\u00eatre<\/span>\n\t\t\t\t\t\t\t\t\t<\/li>\n\t\t\t\t\t\t<\/ul>\n\t\t\t\t\t\t<\/div>\n\t\t\t\t<\/div>\n\t\t\t\t\t<\/div>\n\t\t\t\t<\/div>\n\t\t<div class=\"elementor-element elementor-element-d6a76cc e-flex e-con-boxed e-con e-parent\" data-id=\"d6a76cc\" data-element_type=\"container\" data-e-type=\"container\">\n\t\t\t\t\t<div class=\"e-con-inner\">\n\t\t\t\t\t<\/div>\n\t\t\t\t<\/div>\n\t\t<div class=\"elementor-element elementor-element-848136f e-flex e-con-boxed e-con e-parent\" data-id=\"848136f\" data-element_type=\"container\" data-e-type=\"container\" data-settings=\"{&quot;background_background&quot;:&quot;classic&quot;}\">\n\t\t\t\t\t<div class=\"e-con-inner\">\n\t\t<div class=\"elementor-element elementor-element-8b3003c e-con-full e-flex e-con e-child\" data-id=\"8b3003c\" data-element_type=\"container\" data-e-type=\"container\">\n\t\t\t\t\t\t\t\t<p class=\"e-c66f5d2-8a86275 e-paragraph-base\" data-interaction-id=\"c66f5d2\"  >\n\t\t\t\t\t\t\t\tChaque d\u00e9tail est pens\u00e9 pour s\u2019adapter \u00e0 toi \u2014 et non l\u2019inverse.<br><br>Nous d\u00e9finissons ensemble des \u00e9tapes claires, progressives et r\u00e9alistes, afin de garantir une \u00e9volution durable et mesurable. Ici, pas de m\u00e9thode standard. Pas de solution toute faite.<br><br>Seulement une strat\u00e9gie personnalis\u00e9e, un suivi pr\u00e9cis et un engagement commun vers des r\u00e9sultats concrets.<strong>Tu avances avec un cadre, mais tu progresses \u00e0 ton rythme.<\/strong><br><br><strong>Chaque d\u00e9cision est guid\u00e9e par tes r\u00e9sultats, pas par une routine fig\u00e9e.<\/strong><br><strong>L\u2019objectif : te rendre plus autonome, plus fort et plus r\u00e9gulier dans tes actions.<\/strong>\n\t\t\t\t\t<\/p>\n\t\t\t\t<\/div>\n\t\t<div class=\"elementor-element elementor-element-7c56b54 e-con-full e-flex e-con e-child\" data-id=\"7c56b54\" data-element_type=\"container\" data-e-type=\"container\">\n\t\t\t\t<div class=\"elementor-element elementor-element-084a124 elementor-widget elementor-widget-image\" data-id=\"084a124\" data-element_type=\"widget\" data-e-type=\"widget\" data-widget_type=\"image.default\">\n\t\t\t\t\t\t\t\t\t\t\t\t\t\t\t<img fetchpriority=\"high\" decoding=\"async\" width=\"768\" height=\"512\" src=\"https:\/\/aliceleperchois.com\/wp-content\/uploads\/2026\/04\/two-internationals-friends-is-engaged-gym-768x512.jpg\" class=\"attachment-medium_large size-medium_large wp-image-1349\" alt=\"S\u00e9ance de sport avec un coach et son \u00e9l\u00e8ve\" srcset=\"https:\/\/aliceleperchois.com\/wp-content\/uploads\/2026\/04\/two-internationals-friends-is-engaged-gym-768x512.jpg 768w, https:\/\/aliceleperchois.com\/wp-content\/uploads\/2026\/04\/two-internationals-friends-is-engaged-gym-300x200.jpg 300w, https:\/\/aliceleperchois.com\/wp-content\/uploads\/2026\/04\/two-internationals-friends-is-engaged-gym-1024x683.jpg 1024w, https:\/\/aliceleperchois.com\/wp-content\/uploads\/2026\/04\/two-internationals-friends-is-engaged-gym-1536x1024.jpg 1536w, https:\/\/aliceleperchois.com\/wp-content\/uploads\/2026\/04\/two-internationals-friends-is-engaged-gym-2048x1365.jpg 2048w\" sizes=\"(max-width: 768px) 100vw, 768px\" \/>\t\t\t\t\t\t\t\t\t\t\t\t\t\t\t<\/div>\n\t\t\t\t<\/div>\n\t\t\t\t\t<\/div>\n\t\t\t\t<\/div>\n\t\t<div class=\"elementor-element elementor-element-01fcd74 e-flex e-con-boxed e-con e-parent\" data-id=\"01fcd74\" data-element_type=\"container\" data-e-type=\"container\">\n\t\t\t\t\t<div class=\"e-con-inner\">\n\t\t\t\t<div class=\"elementor-element elementor-element-9eafd4f elementor-align-center elementor-widget elementor-widget-button\" data-id=\"9eafd4f\" data-element_type=\"widget\" data-e-type=\"widget\" data-widget_type=\"button.default\">\n\t\t\t\t\t\t\t\t\t\t<a class=\"elementor-button elementor-button-link elementor-size-sm\" href=\"#\">\n\t\t\t\t\t\t<span class=\"elementor-button-content-wrapper\">\n\t\t\t\t\t\t\t\t\t<span class=\"elementor-button-text\">Tarifs<\/span>\n\t\t\t\t\t<\/span>\n\t\t\t\t\t<\/a>\n\t\t\t\t\t\t\t\t<\/div>\n\t\t\t\t\t<\/div>\n\t\t\t\t<\/div>\n\t\t\t\t<\/div>\n\t\t","protected":false},"excerpt":{"rendered":"<p>UN PROGRAMME CONSTRUIT UNIQUEMENT POUR TOI ET TES OBJECTIFS Type your paragraph here This is a title Parce que ton [&hellip;]<\/p>\n","protected":false},"author":1,"featured_media":0,"parent":0,"menu_order":0,"comment_status":"closed","ping_status":"closed","template":"","meta":{"site-sidebar-layout":"no-sidebar","site-content-layout":"","ast-site-content-layout":"full-width-container","site-content-style":"default","site-sidebar-style":"default","ast-global-header-display":"","ast-banner-title-visibility":"","ast-main-header-display":"","ast-hfb-above-header-display":"","ast-hfb-below-header-display":"","ast-hfb-mobile-header-display":"","site-post-title":"disabled","ast-breadcrumbs-content":"","ast-featured-img":"disabled","footer-sml-layout":"","ast-disable-related-posts":"","theme-transparent-header-meta":"","adv-header-id-meta":"","stick-header-meta":"","header-above-stick-meta":"","header-main-stick-meta":"","header-below-stick-meta":"","astra-migrate-meta-layouts":"default","ast-page-background-enabled":"default","ast-page-background-meta":{"desktop":{"background-color":"var(--ast-global-color-5)","background-image":"","background-repeat":"repeat","background-position":"center center","background-size":"auto","background-attachment":"scroll","background-type":"","background-media":"","overlay-type":"","overlay-color":"","overlay-opacity":"","overlay-gradient":""},"tablet":{"background-color":"","background-image":"","background-repeat":"repeat","background-position":"center center","background-size":"auto","background-attachment":"scroll","background-type":"","background-media":"","overlay-type":"","overlay-color":"","overlay-opacity":"","overlay-gradient":""},"mobile":{"background-color":"","background-image":"","background-repeat":"repeat","background-position":"center center","background-size":"auto","background-attachment":"scroll","background-type":"","background-media":"","overlay-type":"","overlay-color":"","overlay-opacity":"","overlay-gradient":""}},"ast-content-background-meta":{"desktop":{"background-color":"var(--ast-global-color-4)","background-image":"","background-repeat":"repeat","background-position":"center center","background-size":"auto","background-attachment":"scroll","background-type":"","background-media":"","overlay-type":"","overlay-color":"","overlay-opacity":"","overlay-gradient":""},"tablet":{"background-color":"var(--ast-global-color-4)","background-image":"","background-repeat":"repeat","background-position":"center center","background-size":"auto","background-attachment":"scroll","background-type":"","background-media":"","overlay-type":"","overlay-color":"","overlay-opacity":"","overlay-gradient":""},"mobile":{"background-color":"var(--ast-global-color-4)","background-image":"","background-repeat":"repeat","background-position":"center center","background-size":"auto","background-attachment":"scroll","background-type":"","background-media":"","overlay-type":"","overlay-color":"","overlay-opacity":"","overlay-gradient":""}},"footnotes":""},"class_list":["post-52","page","type-page","status-publish","hentry"],"_links":{"self":[{"href":"https:\/\/aliceleperchois.com\/wp-json\/wp\/v2\/pages\/52","targetHints":{"allow":["GET"]}}],"collection":[{"href":"https:\/\/aliceleperchois.com\/wp-json\/wp\/v2\/pages"}],"about":[{"href":"https:\/\/aliceleperchois.com\/wp-json\/wp\/v2\/types\/page"}],"author":[{"embeddable":true,"href":"https:\/\/aliceleperchois.com\/wp-json\/wp\/v2\/users\/1"}],"replies":[{"embeddable":true,"href":"https:\/\/aliceleperchois.com\/wp-json\/wp\/v2\/comments?post=52"}],"version-history":[{"count":52,"href":"https:\/\/aliceleperchois.com\/wp-json\/wp\/v2\/pages\/52\/revisions"}],"predecessor-version":[{"id":1416,"href":"https:\/\/aliceleperchois.com\/wp-json\/wp\/v2\/pages\/52\/revisions\/1416"}],"wp:attachment":[{"href":"https:\/\/aliceleperchois.com\/wp-json\/wp\/v2\/media?parent=52"}],"curies":[{"name":"wp","href":"https:\/\/api.w.org\/{rel}","templated":true}]}}