{"id":500,"date":"2026-04-08T08:16:34","date_gmt":"2026-04-08T08:16:34","guid":{"rendered":"https:\/\/aliceleperchois.com\/?page_id=500"},"modified":"2026-04-16T19:20:43","modified_gmt":"2026-04-16T19:20:43","slug":"pack","status":"publish","type":"page","link":"https:\/\/aliceleperchois.com\/pack\/","title":{"rendered":"Pack"},"content":{"rendered":"\t\t<div data-elementor-type=\"wp-page\" data-elementor-id=\"500\" class=\"elementor elementor-500\">\n\t\t\t\t<div class=\"elementor-element elementor-element-1264c77 e-flex e-con-boxed e-con e-parent\" data-id=\"1264c77\" data-element_type=\"container\" data-e-type=\"container\">\n\t\t\t\t\t<div class=\"e-con-inner\">\n\t\t<div class=\"elementor-element elementor-element-9eed0d8 e-con-full e-flex e-con e-child\" data-id=\"9eed0d8\" data-element_type=\"container\" data-e-type=\"container\" data-settings=\"{&quot;background_background&quot;:&quot;classic&quot;}\">\n\t\t\t\t\t\n<hr class=\"e-f3dcfe5-03e44bd e-divider-base\" data-interaction-id=\"f3dcfe5\"   \/>\n\t\t\t\t\t\t\t<h2 \n\t\tdata-interaction-id=\"5991838\" \n\t\tclass=\"e-5991838-5415d2c e-heading-base\" \n\t\t \n\t\t\n\t>\n\t\n\t\t\tBOOST\n\t\t<\/h2>\n\t\t\t\t\t\t\t<h3 \n\t\tdata-interaction-id=\"6e29632\" \n\t\tclass=\"e-6e29632-478b588 e-heading-base\" \n\t\t \n\t\t\n\t>\n\t\n\t\t\t300 \u20ac\n\t\t<\/h3>\n\t\t\t\t\t\t\t\t<p class=\"e-2275511-3f2bf95 e-paragraph-base\" data-interaction-id=\"2275511\"  >\n\t\t\t\t\t\t\t\t4 s\u00e9ances individuelles + 5 collectives\n\t\t\t\t\t<\/p>\n\t\t\t\t\t\n<hr class=\"e-cc4a48e-34fc10b e-divider-base\" data-interaction-id=\"cc4a48e\"   \/>\n\t\t\t\t<div class=\"elementor-element elementor-element-ecc87b3 elementor-icon-list--layout-traditional elementor-list-item-link-full_width elementor-widget elementor-widget-icon-list\" data-id=\"ecc87b3\" data-element_type=\"widget\" data-e-type=\"widget\" data-widget_type=\"icon-list.default\">\n\t\t\t\t\t\t\t<ul class=\"elementor-icon-list-items\">\n\t\t\t\t\t\t\t<li class=\"elementor-icon-list-item\">\n\t\t\t\t\t\t\t\t\t\t\t<span class=\"elementor-icon-list-icon\">\n\t\t\t\t\t\t\t<svg xmlns=\"http:\/\/www.w3.org\/2000\/svg\" width=\"98\" height=\"98\" viewBox=\"0 0 98 98\" fill=\"none\"><circle cx=\"49\" cy=\"49\" r=\"48.5\" fill=\"#134691\" stroke=\"#E0F1F7\"><\/circle><path d=\"M33.4091 46.1765L27 51.8235L41.9545 65L74 40.5294L65.4545 33L41.9545 53.7059L33.4091 46.1765Z\" fill=\"#E0F1F7\" stroke=\"#E0F1F7\"><\/path><\/svg>\t\t\t\t\t\t<\/span>\n\t\t\t\t\t\t\t\t\t\t<span class=\"elementor-icon-list-text\">Coaching personnalis\u00e9<\/span>\n\t\t\t\t\t\t\t\t\t<\/li>\n\t\t\t\t\t\t\t\t<li class=\"elementor-icon-list-item\">\n\t\t\t\t\t\t\t\t\t\t\t<span class=\"elementor-icon-list-icon\">\n\t\t\t\t\t\t\t<svg xmlns=\"http:\/\/www.w3.org\/2000\/svg\" width=\"98\" height=\"98\" viewBox=\"0 0 98 98\" fill=\"none\"><circle cx=\"49\" cy=\"49\" r=\"48.5\" fill=\"#134691\" stroke=\"#E0F1F7\"><\/circle><path d=\"M33.4091 46.1765L27 51.8235L41.9545 65L74 40.5294L65.4545 33L41.9545 53.7059L33.4091 46.1765Z\" fill=\"#E0F1F7\" stroke=\"#E0F1F7\"><\/path><\/svg>\t\t\t\t\t\t<\/span>\n\t\t\t\t\t\t\t\t\t\t<span class=\"elementor-icon-list-text\">Entra\u00eenements vari\u00e9s<\/span>\n\t\t\t\t\t\t\t\t\t<\/li>\n\t\t\t\t\t\t\t\t<li class=\"elementor-icon-list-item\">\n\t\t\t\t\t\t\t\t\t\t\t<span class=\"elementor-icon-list-icon\">\n\t\t\t\t\t\t\t<svg xmlns=\"http:\/\/www.w3.org\/2000\/svg\" width=\"98\" height=\"98\" viewBox=\"0 0 98 98\" fill=\"none\"><circle cx=\"49\" cy=\"49\" r=\"48.5\" fill=\"#134691\" stroke=\"#E0F1F7\"><\/circle><path d=\"M33.4091 46.1765L27 51.8235L41.9545 65L74 40.5294L65.4545 33L41.9545 53.7059L33.4091 46.1765Z\" fill=\"#E0F1F7\" stroke=\"#E0F1F7\"><\/path><\/svg>\t\t\t\t\t\t<\/span>\n\t\t\t\t\t\t\t\t\t\t<span class=\"elementor-icon-list-text\">Suivi de progression<\/span>\n\t\t\t\t\t\t\t\t\t<\/li>\n\t\t\t\t\t\t<\/ul>\n\t\t\t\t\t\t<\/div>\n\t\t\t\t\t\n<hr class=\"e-014f0d0-65d7e19 e-divider-base\" data-interaction-id=\"014f0d0\"   \/>\n\t\t\t\t\t\n<hr class=\"e-6b0e6dc-427f1d4 e-divider-base\" data-interaction-id=\"6b0e6dc\"   \/>\n\t\t\t\t<div class=\"elementor-element elementor-element-b0b4847 elementor-align-center elementor-widget elementor-widget-button\" data-id=\"b0b4847\" data-element_type=\"widget\" data-e-type=\"widget\" data-widget_type=\"button.default\">\n\t\t\t\t\t\t\t\t\t\t<a class=\"elementor-button elementor-button-link elementor-size-sm\" href=\"#\">\n\t\t\t\t\t\t<span class=\"elementor-button-content-wrapper\">\n\t\t\t\t\t\t\t\t\t<span class=\"elementor-button-text\">Pr\u00e9inscription<\/span>\n\t\t\t\t\t<\/span>\n\t\t\t\t\t<\/a>\n\t\t\t\t\t\t\t\t<\/div>\n\t\t\t\t<\/div>\n\t\t<div class=\"elementor-element elementor-element-9928fa0 e-con-full e-flex e-con e-child\" data-id=\"9928fa0\" data-element_type=\"container\" data-e-type=\"container\">\n\t\t\t\t<\/div>\n\t\t<div class=\"elementor-element elementor-element-506a041 e-con-full e-flex e-con e-child\" data-id=\"506a041\" data-element_type=\"container\" data-e-type=\"container\" data-settings=\"{&quot;background_background&quot;:&quot;classic&quot;}\">\n\t\t\t\t\t\n<hr class=\"e-d69612c-3a7b9c9 e-divider-base\" data-interaction-id=\"d69612c\"   \/>\n\t\t\t\t\t\t\t<h2 \n\t\tdata-interaction-id=\"aa47101\" \n\t\tclass=\"e-aa47101-b9e02d9 e-heading-base\" \n\t\t \n\t\t\n\t>\n\t\n\t\t\tBALANCE\n\t\t<\/h2>\n\t\t\t\t\t\t\t<h3 \n\t\tdata-interaction-id=\"14f8958\" \n\t\tclass=\"e-14f8958-347fcc9 e-heading-base\" \n\t\t \n\t\t\n\t>\n\t\n\t\t\t150 \u20ac\n\t\t<\/h3>\n\t\t\t\t\t\t\t\t<p class=\"e-02616e1-51b7767 e-paragraph-base\" data-interaction-id=\"02616e1\"  >\n\t\t\t\t\t\t\t\t2 s\u00e9ances individuelles + 3 collectives\n\t\t\t\t\t<\/p>\n\t\t\t\t\t\n<hr class=\"e-d1dddc7-b3e9b23 e-divider-base\" data-interaction-id=\"d1dddc7\"   \/>\n\t\t\t\t<div class=\"elementor-element elementor-element-adb2812 elementor-icon-list--layout-traditional elementor-list-item-link-full_width elementor-widget elementor-widget-icon-list\" data-id=\"adb2812\" data-element_type=\"widget\" data-e-type=\"widget\" data-widget_type=\"icon-list.default\">\n\t\t\t\t\t\t\t<ul class=\"elementor-icon-list-items\">\n\t\t\t\t\t\t\t<li class=\"elementor-icon-list-item\">\n\t\t\t\t\t\t\t\t\t\t\t<span class=\"elementor-icon-list-icon\">\n\t\t\t\t\t\t\t<svg xmlns=\"http:\/\/www.w3.org\/2000\/svg\" width=\"98\" height=\"98\" viewBox=\"0 0 98 98\" fill=\"none\"><circle cx=\"49\" cy=\"49\" r=\"48.5\" fill=\"#134691\" stroke=\"#E0F1F7\"><\/circle><path d=\"M33.4091 46.1765L27 51.8235L41.9545 65L74 40.5294L65.4545 33L41.9545 53.7059L33.4091 46.1765Z\" fill=\"#E0F1F7\" stroke=\"#E0F1F7\"><\/path><\/svg>\t\t\t\t\t\t<\/span>\n\t\t\t\t\t\t\t\t\t\t<span class=\"elementor-icon-list-text\">Programme personnalis\u00e9<\/span>\n\t\t\t\t\t\t\t\t\t<\/li>\n\t\t\t\t\t\t\t\t<li class=\"elementor-icon-list-item\">\n\t\t\t\t\t\t\t\t\t\t\t<span class=\"elementor-icon-list-icon\">\n\t\t\t\t\t\t\t<svg xmlns=\"http:\/\/www.w3.org\/2000\/svg\" width=\"98\" height=\"98\" viewBox=\"0 0 98 98\" fill=\"none\"><circle cx=\"49\" cy=\"49\" r=\"48.5\" fill=\"#134691\" stroke=\"#E0F1F7\"><\/circle><path d=\"M33.4091 46.1765L27 51.8235L41.9545 65L74 40.5294L65.4545 33L41.9545 53.7059L33.4091 46.1765Z\" fill=\"#E0F1F7\" stroke=\"#E0F1F7\"><\/path><\/svg>\t\t\t\t\t\t<\/span>\n\t\t\t\t\t\t\t\t\t\t<span class=\"elementor-icon-list-text\">Motivation du groupe<\/span>\n\t\t\t\t\t\t\t\t\t<\/li>\n\t\t\t\t\t\t\t\t<li class=\"elementor-icon-list-item\">\n\t\t\t\t\t\t\t\t\t\t\t<span class=\"elementor-icon-list-icon\">\n\t\t\t\t\t\t\t<svg xmlns=\"http:\/\/www.w3.org\/2000\/svg\" width=\"98\" height=\"98\" viewBox=\"0 0 98 98\" fill=\"none\"><circle cx=\"49\" cy=\"49\" r=\"48.5\" fill=\"#134691\" stroke=\"#E0F1F7\"><\/circle><path d=\"M33.4091 46.1765L27 51.8235L41.9545 65L74 40.5294L65.4545 33L41.9545 53.7059L33.4091 46.1765Z\" fill=\"#E0F1F7\" stroke=\"#E0F1F7\"><\/path><\/svg>\t\t\t\t\t\t<\/span>\n\t\t\t\t\t\t\t\t\t\t<span class=\"elementor-icon-list-text\">Travail technique en individuel<\/span>\n\t\t\t\t\t\t\t\t\t<\/li>\n\t\t\t\t\t\t<\/ul>\n\t\t\t\t\t\t<\/div>\n\t\t\t\t\t\n<hr class=\"e-27de458-9c062c9 e-divider-base\" data-interaction-id=\"27de458\"   \/>\n\t\t\t\t\t\n<hr class=\"e-1f00bb3-9663164 e-divider-base\" data-interaction-id=\"1f00bb3\"   \/>\n\t\t\t\t<div class=\"elementor-element elementor-element-c8d3d36 elementor-align-center elementor-widget elementor-widget-button\" data-id=\"c8d3d36\" data-element_type=\"widget\" data-e-type=\"widget\" data-widget_type=\"button.default\">\n\t\t\t\t\t\t\t\t\t\t<a class=\"elementor-button elementor-button-link elementor-size-sm\" href=\"#\">\n\t\t\t\t\t\t<span class=\"elementor-button-content-wrapper\">\n\t\t\t\t\t\t\t\t\t<span class=\"elementor-button-text\">Pr\u00e9inscription<\/span>\n\t\t\t\t\t<\/span>\n\t\t\t\t\t<\/a>\n\t\t\t\t\t\t\t\t<\/div>\n\t\t\t\t\t\n<hr class=\"e-efde892-4091566 e-divider-base\" data-interaction-id=\"efde892\"   \/>\n\t\t\t\t<\/div>\n\t\t<div class=\"elementor-element elementor-element-39c87ca e-con-full e-flex e-con e-child\" data-id=\"39c87ca\" data-element_type=\"container\" data-e-type=\"container\">\n\t\t\t\t<\/div>\n\t\t<div class=\"elementor-element elementor-element-d1c73e8 e-con-full e-flex e-con e-child\" data-id=\"d1c73e8\" data-element_type=\"container\" data-e-type=\"container\" data-settings=\"{&quot;background_background&quot;:&quot;classic&quot;}\">\n\t\t\t\t\t\n<hr class=\"e-460b372-2b85eff e-divider-base\" data-interaction-id=\"460b372\"   \/>\n\t\t\t\t\t\t\t<h2 \n\t\tdata-interaction-id=\"376d969\" \n\t\tclass=\"e-376d969-e55f278 e-heading-base\" \n\t\t \n\t\t\n\t>\n\t\n\t\t\tULTIMATE\n\t\t<\/h2>\n\t\t\t\t\t\t\t<h3 \n\t\tdata-interaction-id=\"38c066a\" \n\t\tclass=\"e-38c066a-90084bf e-heading-base\" \n\t\t \n\t\t\n\t>\n\t\n\t\t\t450 \u20ac\n\t\t<\/h3>\n\t\t\t\t\t\t\t\t<p class=\"e-7453fe6-b99d4c3 e-paragraph-base\" data-interaction-id=\"7453fe6\"  >\n\t\t\t\t\t\t\t\t6 s\u00e9ances individuelles + 8 collectives\n\t\t\t\t\t<\/p>\n\t\t\t\t\t\n<hr class=\"e-feb063e-4dc89ad e-divider-base\" data-interaction-id=\"feb063e\"   \/>\n\t\t\t\t<div class=\"elementor-element elementor-element-35dc449 elementor-icon-list--layout-traditional elementor-list-item-link-full_width elementor-widget elementor-widget-icon-list\" data-id=\"35dc449\" data-element_type=\"widget\" data-e-type=\"widget\" data-widget_type=\"icon-list.default\">\n\t\t\t\t\t\t\t<ul class=\"elementor-icon-list-items\">\n\t\t\t\t\t\t\t<li class=\"elementor-icon-list-item\">\n\t\t\t\t\t\t\t\t\t\t\t<span class=\"elementor-icon-list-icon\">\n\t\t\t\t\t\t\t<svg xmlns=\"http:\/\/www.w3.org\/2000\/svg\" width=\"98\" height=\"98\" viewBox=\"0 0 98 98\" fill=\"none\"><circle cx=\"49\" cy=\"49\" r=\"48.5\" fill=\"#134691\" stroke=\"#E0F1F7\"><\/circle><path d=\"M33.4091 46.1765L27 51.8235L41.9545 65L74 40.5294L65.4545 33L41.9545 53.7059L33.4091 46.1765Z\" fill=\"#E0F1F7\" stroke=\"#E0F1F7\"><\/path><\/svg>\t\t\t\t\t\t<\/span>\n\t\t\t\t\t\t\t\t\t\t<span class=\"elementor-icon-list-text\">Accompagnement complet<\/span>\n\t\t\t\t\t\t\t\t\t<\/li>\n\t\t\t\t\t\t\t\t<li class=\"elementor-icon-list-item\">\n\t\t\t\t\t\t\t\t\t\t\t<span class=\"elementor-icon-list-icon\">\n\t\t\t\t\t\t\t<svg xmlns=\"http:\/\/www.w3.org\/2000\/svg\" width=\"98\" height=\"98\" viewBox=\"0 0 98 98\" fill=\"none\"><circle cx=\"49\" cy=\"49\" r=\"48.5\" fill=\"#134691\" stroke=\"#E0F1F7\"><\/circle><path d=\"M33.4091 46.1765L27 51.8235L41.9545 65L74 40.5294L65.4545 33L41.9545 53.7059L33.4091 46.1765Z\" fill=\"#E0F1F7\" stroke=\"#E0F1F7\"><\/path><\/svg>\t\t\t\t\t\t<\/span>\n\t\t\t\t\t\t\t\t\t\t<span class=\"elementor-icon-list-text\">Progression optimis\u00e9e<\/span>\n\t\t\t\t\t\t\t\t\t<\/li>\n\t\t\t\t\t\t\t\t<li class=\"elementor-icon-list-item\">\n\t\t\t\t\t\t\t\t\t\t\t<span class=\"elementor-icon-list-icon\">\n\t\t\t\t\t\t\t<svg xmlns=\"http:\/\/www.w3.org\/2000\/svg\" width=\"98\" height=\"98\" viewBox=\"0 0 98 98\" fill=\"none\"><circle cx=\"49\" cy=\"49\" r=\"48.5\" fill=\"#134691\" stroke=\"#E0F1F7\"><\/circle><path d=\"M33.4091 46.1765L27 51.8235L41.9545 65L74 40.5294L65.4545 33L41.9545 53.7059L33.4091 46.1765Z\" fill=\"#E0F1F7\" stroke=\"#E0F1F7\"><\/path><\/svg>\t\t\t\t\t\t<\/span>\n\t\t\t\t\t\t\t\t\t\t<span class=\"elementor-icon-list-text\">Encadrement r\u00e9gulier<\/span>\n\t\t\t\t\t\t\t\t\t<\/li>\n\t\t\t\t\t\t<\/ul>\n\t\t\t\t\t\t<\/div>\n\t\t\t\t\t\n<hr class=\"e-de349eb-189d9a4 e-divider-base\" data-interaction-id=\"de349eb\"   \/>\n\t\t\t\t\t\n<hr class=\"e-850cdf0-e4ab0d7 e-divider-base\" data-interaction-id=\"850cdf0\"   \/>\n\t\t\t\t<div class=\"elementor-element elementor-element-e3169a1 elementor-align-center elementor-widget elementor-widget-button\" data-id=\"e3169a1\" data-element_type=\"widget\" data-e-type=\"widget\" data-widget_type=\"button.default\">\n\t\t\t\t\t\t\t\t\t\t<a class=\"elementor-button elementor-button-link elementor-size-sm\" href=\"#\">\n\t\t\t\t\t\t<span class=\"elementor-button-content-wrapper\">\n\t\t\t\t\t\t\t\t\t<span class=\"elementor-button-text\">Pr\u00e9inscription<\/span>\n\t\t\t\t\t<\/span>\n\t\t\t\t\t<\/a>\n\t\t\t\t\t\t\t\t<\/div>\n\t\t\t\t\t\n<hr class=\"e-16ce161-7d8eb91 e-divider-base\" data-interaction-id=\"16ce161\"   \/>\n\t\t\t\t<\/div>\n\t\t\t\t\t<\/div>\n\t\t\t\t<\/div>\n\t\t\t\t<\/div>\n\t\t","protected":false},"excerpt":{"rendered":"<p>BOOST 300 \u20ac 4 s\u00e9ances individuelles + 5 collectives Coaching personnalis\u00e9 Entra\u00eenements vari\u00e9s Suivi de progression Pr\u00e9inscription BALANCE 150 \u20ac [&hellip;]<\/p>\n","protected":false},"author":1,"featured_media":0,"parent":0,"menu_order":0,"comment_status":"closed","ping_status":"closed","template":"","meta":{"site-sidebar-layout":"no-sidebar","site-content-layout":"","ast-site-content-layout":"full-width-container","site-content-style":"default","site-sidebar-style":"default","ast-global-header-display":"","ast-banner-title-visibility":"","ast-main-header-display":"","ast-hfb-above-header-display":"","ast-hfb-below-header-display":"","ast-hfb-mobile-header-display":"","site-post-title":"disabled","ast-breadcrumbs-content":"","ast-featured-img":"disabled","footer-sml-layout":"","ast-disable-related-posts":"","theme-transparent-header-meta":"","adv-header-id-meta":"","stick-header-meta":"","header-above-stick-meta":"","header-main-stick-meta":"","header-below-stick-meta":"","astra-migrate-meta-layouts":"default","ast-page-background-enabled":"default","ast-page-background-meta":{"desktop":{"background-color":"var(--ast-global-color-5)","background-image":"","background-repeat":"repeat","background-position":"center center","background-size":"auto","background-attachment":"scroll","background-type":"","background-media":"","overlay-type":"","overlay-color":"","overlay-opacity":"","overlay-gradient":""},"tablet":{"background-color":"","background-image":"","background-repeat":"repeat","background-position":"center center","background-size":"auto","background-attachment":"scroll","background-type":"","background-media":"","overlay-type":"","overlay-color":"","overlay-opacity":"","overlay-gradient":""},"mobile":{"background-color":"","background-image":"","background-repeat":"repeat","background-position":"center center","background-size":"auto","background-attachment":"scroll","background-type":"","background-media":"","overlay-type":"","overlay-color":"","overlay-opacity":"","overlay-gradient":""}},"ast-content-background-meta":{"desktop":{"background-color":"var(--ast-global-color-4)","background-image":"","background-repeat":"repeat","background-position":"center center","background-size":"auto","background-attachment":"scroll","background-type":"","background-media":"","overlay-type":"","overlay-color":"","overlay-opacity":"","overlay-gradient":""},"tablet":{"background-color":"var(--ast-global-color-4)","background-image":"","background-repeat":"repeat","background-position":"center center","background-size":"auto","background-attachment":"scroll","background-type":"","background-media":"","overlay-type":"","overlay-color":"","overlay-opacity":"","overlay-gradient":""},"mobile":{"background-color":"var(--ast-global-color-4)","background-image":"","background-repeat":"repeat","background-position":"center center","background-size":"auto","background-attachment":"scroll","background-type":"","background-media":"","overlay-type":"","overlay-color":"","overlay-opacity":"","overlay-gradient":""}},"footnotes":""},"class_list":["post-500","page","type-page","status-publish","hentry"],"_links":{"self":[{"href":"https:\/\/aliceleperchois.com\/wp-json\/wp\/v2\/pages\/500","targetHints":{"allow":["GET"]}}],"collection":[{"href":"https:\/\/aliceleperchois.com\/wp-json\/wp\/v2\/pages"}],"about":[{"href":"https:\/\/aliceleperchois.com\/wp-json\/wp\/v2\/types\/page"}],"author":[{"embeddable":true,"href":"https:\/\/aliceleperchois.com\/wp-json\/wp\/v2\/users\/1"}],"replies":[{"embeddable":true,"href":"https:\/\/aliceleperchois.com\/wp-json\/wp\/v2\/comments?post=500"}],"version-history":[{"count":26,"href":"https:\/\/aliceleperchois.com\/wp-json\/wp\/v2\/pages\/500\/revisions"}],"predecessor-version":[{"id":1323,"href":"https:\/\/aliceleperchois.com\/wp-json\/wp\/v2\/pages\/500\/revisions\/1323"}],"wp:attachment":[{"href":"https:\/\/aliceleperchois.com\/wp-json\/wp\/v2\/media?parent=500"}],"curies":[{"name":"wp","href":"https:\/\/api.w.org\/{rel}","templated":true}]}}