{"id":484,"date":"2026-04-08T07:35:05","date_gmt":"2026-04-08T07:35:05","guid":{"rendered":"https:\/\/aliceleperchois.com\/?page_id=484"},"modified":"2026-04-20T11:18:43","modified_gmt":"2026-04-20T11:18:43","slug":"tarifs-cc","status":"publish","type":"page","link":"https:\/\/aliceleperchois.com\/tarifs-cc\/","title":{"rendered":"Cours collectif"},"content":{"rendered":"<hr data-interaction-id=\"3192a1b\"   \/>\n<h2 \n\t\tdata-interaction-id=\"e8af65f\" \n\t\tclass=\"e-e8af65f-39f5a83 e-heading-base\" \n\t><br \/>\n\t\t\tPERFORMANCE<br \/>\n\t\t<\/h2>\n<hr data-interaction-id=\"67ed8cc\"   \/>\n<h3 \n\t\tdata-interaction-id=\"0972074\" \n\t\tclass=\"e-0972074-ed9ac81 e-heading-base\" \n\t><br \/>\n\t\t\t120 \u20ac<br \/>\n\t\t<\/h3>\n<hr data-interaction-id=\"509f47d\"   \/>\n<ul>\n<li>\n\t\t\t\t\t\t\t<svg xmlns=\"http:\/\/www.w3.org\/2000\/svg\" width=\"98\" height=\"98\" viewBox=\"0 0 98 98\" fill=\"none\"><circle cx=\"49\" cy=\"49\" r=\"48.5\" fill=\"#134691\" stroke=\"#E0F1F7\"><\/circle><path d=\"M33.4091 46.1765L27 51.8235L41.9545 65L74 40.5294L65.4545 33L41.9545 53.7059L33.4091 46.1765Z\" fill=\"#E0F1F7\" stroke=\"#E0F1F7\"><\/path><\/svg><br \/>\n\t\t\t\t\t\t\t\t\t\t10 s\u00e9ances collectives\n\t\t\t\t\t\t\t\t\t<\/li>\n<li>\n\t\t\t\t\t\t\t<svg xmlns=\"http:\/\/www.w3.org\/2000\/svg\" width=\"98\" height=\"98\" viewBox=\"0 0 98 98\" fill=\"none\"><circle cx=\"49\" cy=\"49\" r=\"48.5\" fill=\"#134691\" stroke=\"#E0F1F7\"><\/circle><path d=\"M33.4091 46.1765L27 51.8235L41.9545 65L74 40.5294L65.4545 33L41.9545 53.7059L33.4091 46.1765Z\" fill=\"#E0F1F7\" stroke=\"#E0F1F7\"><\/path><\/svg><br \/>\n\t\t\t\t\t\t\t\t\t\tEntra\u00eenements r\u00e9guliers\n\t\t\t\t\t\t\t\t\t<\/li>\n<li>\n\t\t\t\t\t\t\t<svg xmlns=\"http:\/\/www.w3.org\/2000\/svg\" width=\"98\" height=\"98\" viewBox=\"0 0 98 98\" fill=\"none\"><circle cx=\"49\" cy=\"49\" r=\"48.5\" fill=\"#134691\" stroke=\"#E0F1F7\"><\/circle><path d=\"M33.4091 46.1765L27 51.8235L41.9545 65L74 40.5294L65.4545 33L41.9545 53.7059L33.4091 46.1765Z\" fill=\"#E0F1F7\" stroke=\"#E0F1F7\"><\/path><\/svg><br \/>\n\t\t\t\t\t\t\t\t\t\tEnergie collective\n\t\t\t\t\t\t\t\t\t<\/li>\n<li>\n\t\t\t\t\t\t\t<svg xmlns=\"http:\/\/www.w3.org\/2000\/svg\" width=\"98\" height=\"98\" viewBox=\"0 0 98 98\" fill=\"none\"><circle cx=\"49\" cy=\"49\" r=\"48.5\" fill=\"#134691\" stroke=\"#E0F1F7\"><\/circle><path d=\"M33.4091 46.1765L27 51.8235L41.9545 65L74 40.5294L65.4545 33L41.9545 53.7059L33.4091 46.1765Z\" fill=\"#E0F1F7\" stroke=\"#E0F1F7\"><\/path><\/svg><br \/>\n\t\t\t\t\t\t\t\t\t\tProgression\n\t\t\t\t\t\t\t\t\t<\/li>\n<\/ul>\n<hr data-interaction-id=\"3e33e1e\"   \/>\n<hr data-interaction-id=\"afee2b8\"   \/>\n\t\t\t\t\t\t\t\t\t\t<a href=\"#\"><br \/>\n\t\t\t\t\t\t\t\t\tPr\u00e9inscription<br \/>\n\t\t\t\t\t<\/a><\/p>\n<hr data-interaction-id=\"89376eb\"   \/>\n<hr data-interaction-id=\"30ce6b8\"   \/>\n<h2 \n\t\tdata-interaction-id=\"d6bdd1b\" \n\t\tclass=\"e-d6bdd1b-ccc572b e-heading-base\" \n\t><br \/>\n\t\t\t\u00c9NERGIE<br \/>\n\t\t<\/h2>\n<hr data-interaction-id=\"0731a98\"   \/>\n<h3 \n\t\tdata-interaction-id=\"4e204e7\" \n\t\tclass=\"e-4e204e7-bca5b0c e-heading-base\" \n\t><br \/>\n\t\t\t65 \u20ac<br \/>\n\t\t<\/h3>\n<hr data-interaction-id=\"83200c4\"   \/>\n<ul>\n<li>\n\t\t\t\t\t\t\t<svg xmlns=\"http:\/\/www.w3.org\/2000\/svg\" width=\"98\" height=\"98\" viewBox=\"0 0 98 98\" fill=\"none\"><circle cx=\"49\" cy=\"49\" r=\"48.5\" fill=\"#134691\" stroke=\"#E0F1F7\"><\/circle><path d=\"M33.4091 46.1765L27 51.8235L41.9545 65L74 40.5294L65.4545 33L41.9545 53.7059L33.4091 46.1765Z\" fill=\"#E0F1F7\" stroke=\"#E0F1F7\"><\/path><\/svg><br \/>\n\t\t\t\t\t\t\t\t\t\t5 s\u00e9ances collectives\n\t\t\t\t\t\t\t\t\t<\/li>\n<li>\n\t\t\t\t\t\t\t<svg xmlns=\"http:\/\/www.w3.org\/2000\/svg\" width=\"98\" height=\"98\" viewBox=\"0 0 98 98\" fill=\"none\"><circle cx=\"49\" cy=\"49\" r=\"48.5\" fill=\"#134691\" stroke=\"#E0F1F7\"><\/circle><path d=\"M33.4091 46.1765L27 51.8235L41.9545 65L74 40.5294L65.4545 33L41.9545 53.7059L33.4091 46.1765Z\" fill=\"#E0F1F7\" stroke=\"#E0F1F7\"><\/path><\/svg><br \/>\n\t\t\t\t\t\t\t\t\t\tMotivation de groupe\n\t\t\t\t\t\t\t\t\t<\/li>\n<li>\n\t\t\t\t\t\t\t<svg xmlns=\"http:\/\/www.w3.org\/2000\/svg\" width=\"98\" height=\"98\" viewBox=\"0 0 98 98\" fill=\"none\"><circle cx=\"49\" cy=\"49\" r=\"48.5\" fill=\"#134691\" stroke=\"#E0F1F7\"><\/circle><path d=\"M33.4091 46.1765L27 51.8235L41.9545 65L74 40.5294L65.4545 33L41.9545 53.7059L33.4091 46.1765Z\" fill=\"#E0F1F7\" stroke=\"#E0F1F7\"><\/path><\/svg><br \/>\n\t\t\t\t\t\t\t\t\t\tVari\u00e9t\u00e9 des s\u00e9ances\n\t\t\t\t\t\t\t\t\t<\/li>\n<li>\n\t\t\t\t\t\t\t<svg xmlns=\"http:\/\/www.w3.org\/2000\/svg\" width=\"98\" height=\"98\" viewBox=\"0 0 98 98\" fill=\"none\"><circle cx=\"49\" cy=\"49\" r=\"48.5\" fill=\"#134691\" stroke=\"#E0F1F7\"><\/circle><path d=\"M33.4091 46.1765L27 51.8235L41.9545 65L74 40.5294L65.4545 33L41.9545 53.7059L33.4091 46.1765Z\" fill=\"#E0F1F7\" stroke=\"#E0F1F7\"><\/path><\/svg><br \/>\n\t\t\t\t\t\t\t\t\t\tAdaptater \u00e0 ton niveau\n\t\t\t\t\t\t\t\t\t<\/li>\n<\/ul>\n<hr data-interaction-id=\"595065d\"   \/>\n<hr data-interaction-id=\"c54568e\"   \/>\n\t\t\t\t\t\t\t\t\t\t<a href=\"#\"><br \/>\n\t\t\t\t\t\t\t\t\tPr\u00e9inscription<br \/>\n\t\t\t\t\t<\/a><\/p>\n<hr data-interaction-id=\"1ba9ec8\"   \/>\n<hr data-interaction-id=\"08d99dd\"   \/>\n<h2 \n\t\tdata-interaction-id=\"bc0ff89\" \n\t\tclass=\"e-bc0ff89-e13c3cc e-heading-base\" \n\t><br \/>\n\t\t\tD\u00c9COUVERTE<br \/>\n\t\t<\/h2>\n<hr data-interaction-id=\"d706ec0\"   \/>\n<h3 \n\t\tdata-interaction-id=\"91b25f1\" \n\t\tclass=\"e-91b25f1-d6ea2e5 e-heading-base\" \n\t><br \/>\n\t\t\t15 \u20ac<br \/>\n\t\t<\/h3>\n<hr data-interaction-id=\"e8f4f5d\"   \/>\n<ul>\n<li>\n\t\t\t\t\t\t\t<svg xmlns=\"http:\/\/www.w3.org\/2000\/svg\" width=\"98\" height=\"98\" viewBox=\"0 0 98 98\" fill=\"none\"><circle cx=\"49\" cy=\"49\" r=\"48.5\" fill=\"#134691\" stroke=\"#E0F1F7\"><\/circle><path d=\"M33.4091 46.1765L27 51.8235L41.9545 65L74 40.5294L65.4545 33L41.9545 53.7059L33.4091 46.1765Z\" fill=\"#E0F1F7\" stroke=\"#E0F1F7\"><\/path><\/svg><br \/>\n\t\t\t\t\t\t\t\t\t\t1 s\u00e9ance collective\n\t\t\t\t\t\t\t\t\t<\/li>\n<li>\n\t\t\t\t\t\t\t<svg xmlns=\"http:\/\/www.w3.org\/2000\/svg\" width=\"98\" height=\"98\" viewBox=\"0 0 98 98\" fill=\"none\"><circle cx=\"49\" cy=\"49\" r=\"48.5\" fill=\"#134691\" stroke=\"#E0F1F7\"><\/circle><path d=\"M33.4091 46.1765L27 51.8235L41.9545 65L74 40.5294L65.4545 33L41.9545 53.7059L33.4091 46.1765Z\" fill=\"#E0F1F7\" stroke=\"#E0F1F7\"><\/path><\/svg><br \/>\n\t\t\t\t\t\t\t\t\t\tAdaptat\u00e9 \u00e0 ton niveau\n\t\t\t\t\t\t\t\t\t<\/li>\n<li>\n\t\t\t\t\t\t\t<svg xmlns=\"http:\/\/www.w3.org\/2000\/svg\" width=\"98\" height=\"98\" viewBox=\"0 0 98 98\" fill=\"none\"><circle cx=\"49\" cy=\"49\" r=\"48.5\" fill=\"#134691\" stroke=\"#E0F1F7\"><\/circle><path d=\"M33.4091 46.1765L27 51.8235L41.9545 65L74 40.5294L65.4545 33L41.9545 53.7059L33.4091 46.1765Z\" fill=\"#E0F1F7\" stroke=\"#E0F1F7\"><\/path><\/svg><br \/>\n\t\t\t\t\t\t\t\t\t\tEncadrement professionnel\n\t\t\t\t\t\t\t\t\t<\/li>\n<li>\n\t\t\t\t\t\t\t<svg xmlns=\"http:\/\/www.w3.org\/2000\/svg\" width=\"98\" height=\"98\" viewBox=\"0 0 98 98\" fill=\"none\"><circle cx=\"49\" cy=\"49\" r=\"48.5\" fill=\"#134691\" stroke=\"#E0F1F7\"><\/circle><path d=\"M33.4091 46.1765L27 51.8235L41.9545 65L74 40.5294L65.4545 33L41.9545 53.7059L33.4091 46.1765Z\" fill=\"#E0F1F7\" stroke=\"#E0F1F7\"><\/path><\/svg><br \/>\n\t\t\t\t\t\t\t\t\t\tMotivation de groupe\n\t\t\t\t\t\t\t\t\t<\/li>\n<\/ul>\n<hr data-interaction-id=\"3d95887\"   \/>\n<hr data-interaction-id=\"ff73ee0\"   \/>\n\t\t\t\t\t\t\t\t\t\t<a href=\"#\"><br \/>\n\t\t\t\t\t\t\t\t\tPr\u00e9inscription<br \/>\n\t\t\t\t\t<\/a><\/p>\n","protected":false},"excerpt":{"rendered":"<p>PERFORMANCE 120 \u20ac 10 s\u00e9ances collectives Entra\u00eenements r\u00e9guliers Energie collective Progression Pr\u00e9inscription \u00c9NERGIE 65 \u20ac 5 s\u00e9ances collectives Motivation de [&hellip;]<\/p>\n","protected":false},"author":1,"featured_media":0,"parent":0,"menu_order":0,"comment_status":"closed","ping_status":"closed","template":"","meta":{"site-sidebar-layout":"no-sidebar","site-content-layout":"","ast-site-content-layout":"full-width-container","site-content-style":"default","site-sidebar-style":"default","ast-global-header-display":"","ast-banner-title-visibility":"","ast-main-header-display":"","ast-hfb-above-header-display":"","ast-hfb-below-header-display":"","ast-hfb-mobile-header-display":"","site-post-title":"disabled","ast-breadcrumbs-content":"","ast-featured-img":"disabled","footer-sml-layout":"","ast-disable-related-posts":"","theme-transparent-header-meta":"","adv-header-id-meta":"","stick-header-meta":"","header-above-stick-meta":"","header-main-stick-meta":"","header-below-stick-meta":"","astra-migrate-meta-layouts":"default","ast-page-background-enabled":"default","ast-page-background-meta":{"desktop":{"background-color":"var(--ast-global-color-5)","background-image":"","background-repeat":"repeat","background-position":"center center","background-size":"auto","background-attachment":"scroll","background-type":"","background-media":"","overlay-type":"","overlay-color":"","overlay-opacity":"","overlay-gradient":""},"tablet":{"background-color":"","background-image":"","background-repeat":"repeat","background-position":"center center","background-size":"auto","background-attachment":"scroll","background-type":"","background-media":"","overlay-type":"","overlay-color":"","overlay-opacity":"","overlay-gradient":""},"mobile":{"background-color":"","background-image":"","background-repeat":"repeat","background-position":"center center","background-size":"auto","background-attachment":"scroll","background-type":"","background-media":"","overlay-type":"","overlay-color":"","overlay-opacity":"","overlay-gradient":""}},"ast-content-background-meta":{"desktop":{"background-color":"var(--ast-global-color-4)","background-image":"","background-repeat":"repeat","background-position":"center center","background-size":"auto","background-attachment":"scroll","background-type":"","background-media":"","overlay-type":"","overlay-color":"","overlay-opacity":"","overlay-gradient":""},"tablet":{"background-color":"var(--ast-global-color-4)","background-image":"","background-repeat":"repeat","background-position":"center center","background-size":"auto","background-attachment":"scroll","background-type":"","background-media":"","overlay-type":"","overlay-color":"","overlay-opacity":"","overlay-gradient":""},"mobile":{"background-color":"var(--ast-global-color-4)","background-image":"","background-repeat":"repeat","background-position":"center center","background-size":"auto","background-attachment":"scroll","background-type":"","background-media":"","overlay-type":"","overlay-color":"","overlay-opacity":"","overlay-gradient":""}},"footnotes":""},"class_list":["post-484","page","type-page","status-publish","hentry"],"_links":{"self":[{"href":"https:\/\/aliceleperchois.com\/wp-json\/wp\/v2\/pages\/484","targetHints":{"allow":["GET"]}}],"collection":[{"href":"https:\/\/aliceleperchois.com\/wp-json\/wp\/v2\/pages"}],"about":[{"href":"https:\/\/aliceleperchois.com\/wp-json\/wp\/v2\/types\/page"}],"author":[{"embeddable":true,"href":"https:\/\/aliceleperchois.com\/wp-json\/wp\/v2\/users\/1"}],"replies":[{"embeddable":true,"href":"https:\/\/aliceleperchois.com\/wp-json\/wp\/v2\/comments?post=484"}],"version-history":[{"count":35,"href":"https:\/\/aliceleperchois.com\/wp-json\/wp\/v2\/pages\/484\/revisions"}],"predecessor-version":[{"id":1320,"href":"https:\/\/aliceleperchois.com\/wp-json\/wp\/v2\/pages\/484\/revisions\/1320"}],"wp:attachment":[{"href":"https:\/\/aliceleperchois.com\/wp-json\/wp\/v2\/media?parent=484"}],"curies":[{"name":"wp","href":"https:\/\/api.w.org\/{rel}","templated":true}]}}