{"id":43,"date":"2026-03-31T14:19:38","date_gmt":"2026-03-31T14:19:38","guid":{"rendered":"https:\/\/aliceleperchois.com\/?page_id=43"},"modified":"2026-04-17T12:01:00","modified_gmt":"2026-04-17T12:01:00","slug":"en-ligne","status":"publish","type":"page","link":"https:\/\/aliceleperchois.com\/en-ligne\/","title":{"rendered":"En ligne"},"content":{"rendered":"\t\t<div data-elementor-type=\"wp-page\" data-elementor-id=\"43\" class=\"elementor elementor-43\">\n\t\t\t\t<div class=\"elementor-element elementor-element-576355e e-flex e-con-boxed e-con e-parent\" data-id=\"576355e\" data-element_type=\"container\" data-e-type=\"container\" data-settings=\"{&quot;background_background&quot;:&quot;gradient&quot;}\">\n\t\t\t\t\t<div class=\"e-con-inner\">\n\t\t\t\t\t\t\t<h1 \n\t\tdata-interaction-id=\"7faedef\" \n\t\tclass=\"e-7faedef-b03c8f0 e-heading-base\" \n\t\t \n\t\t\n\t>\n\t\n\t\t\tTON COACH<br>DANS TA POCHE\n\t\t<\/h1>\n\t\t\t\t\t\t\t\t<p class=\"e-d864e66-a40260e e-paragraph-base\" data-interaction-id=\"d864e66\"  >\n\t\t\t\t\t\t\t\tCoaching sportif \u00e0 distance personnalis\u00e9 avec Move\u2019Up Coaching. Profite d\u2019un suivi professionnel, flexible et efficace pour atteindre tes objectifs partout, \u00e0 ton rythme.\n\t\t\t\t\t<\/p>\n\t\t\t\t\t<\/div>\n\t\t\t\t<\/div>\n\t\t<div class=\"elementor-element elementor-element-e571471 e-flex e-con-boxed e-con e-parent\" data-id=\"e571471\" data-element_type=\"container\" data-e-type=\"container\" data-settings=\"{&quot;background_background&quot;:&quot;classic&quot;}\">\n\t\t\t\t\t<div class=\"e-con-inner\">\n\t\t\t\t\t<\/div>\n\t\t\t\t<\/div>\n\t\t<div class=\"elementor-element elementor-element-2fce068 e-flex e-con-boxed e-con e-parent\" data-id=\"2fce068\" data-element_type=\"container\" data-e-type=\"container\">\n\t\t\t\t\t<div class=\"e-con-inner\">\n\t\t<div class=\"elementor-element elementor-element-fd44966 e-con-full e-flex e-con e-child\" data-id=\"fd44966\" data-element_type=\"container\" data-e-type=\"container\" data-settings=\"{&quot;background_background&quot;:&quot;slideshow&quot;,&quot;background_slideshow_gallery&quot;:[{&quot;id&quot;:186,&quot;url&quot;:&quot;https:\\\/\\\/aliceleperchois.com\\\/wp-content\\\/uploads\\\/2026\\\/04\\\/full-shot-senior-woman-with-laptop-scaled.jpg&quot;}],&quot;background_slideshow_loop&quot;:&quot;yes&quot;,&quot;background_slideshow_slide_duration&quot;:5000,&quot;background_slideshow_slide_transition&quot;:&quot;fade&quot;,&quot;background_slideshow_transition_duration&quot;:500}\">\n\t\t\t\t<\/div>\n\t\t<div class=\"elementor-element elementor-element-89a2e1d e-con-full e-flex e-con e-child\" data-id=\"89a2e1d\" data-element_type=\"container\" data-e-type=\"container\">\n\t\t\t\t\t\t\t<h2 \n\t\tdata-interaction-id=\"fe425dc\" \n\t\tclass=\"e-fe425dc-222c2d1 e-heading-base\" \n\t\t \n\t\t\n\t>\n\t\n\t\t\tLE COACHING EN LIGNE :<br>AUSSI EFFICACE QUE LE PR\u00c9SENTIEL ?\n\t\t<\/h2>\n\t\t\t\t\t\t\t\t<p class=\"e-b402075-7b7a73c e-paragraph-base\" data-interaction-id=\"b402075\"  >\n\t\t\t\t\t\t\t\tCette question revient souvent. En effet, la r\u00e9ponse est oui, mais \u00e0 condition d\u2019un syst\u00e8me de suivi structur\u00e9 et d\u2019une vraie r\u00e9activit\u00e9 du coach.Chez Move\u2019Up Coaching, le coaching en ligne n\u2019est pas un service d\u00e9grad\u00e9 : c\u2019est une formule con\u00e7ue d\u00e8s le d\u00e9part pour \u00eatre aussi rigoureuse et efficace que le pr\u00e9sentiel, simplement dans un autre format.<br><br>Tout d\u2019abord, les s\u00e9ances se d\u00e9roulent en visioconf\u00e9rence sur WhatsApp. De plus, ton coach reste bien s\u00fbr disponible par messagerie pour assurer un suivi r\u00e9gulier, r\u00e9pondre \u00e0 tes questions et ajuster le programme si n\u00e9cessaire.<br><br>Ainsi, contrairement aux id\u00e9es re\u00e7ues, le coaching \u00e0 distance n\u2019est pas moins efficace que le pr\u00e9sentiel. Au contraire, il peut \u00eatre encore plus flexible et pr\u00e9cis.<br><br>Enfin, cette formule s\u2019adresse particuli\u00e8rement aux personnes souvent en d\u00e9placement ou ayant un emploi du temps charg\u00e9.\n\t\t\t\t\t<\/p>\n\t\t\t\t<\/div>\n\t\t\t\t\t<\/div>\n\t\t\t\t<\/div>\n\t\t<div class=\"elementor-element elementor-element-1ac7881 e-flex e-con-boxed e-con e-parent\" data-id=\"1ac7881\" data-element_type=\"container\" data-e-type=\"container\">\n\t\t\t\t\t<div class=\"e-con-inner\">\n\t\t\t\t\t\t\t<h3 \n\t\tdata-interaction-id=\"c3da602\" \n\t\tclass=\"e-c3da602-aaa1dec e-heading-base\" \n\t\t \n\t\t\n\t>\n\t\n\t\t\tTon coach sportif \u00e0 distance, partout avec toi\n\t\t<\/h3>\n\t\t\t\t\t\t\t\t<p class=\"e-a9a9469-4c32cf1 e-paragraph-base\" data-interaction-id=\"a9a9469\"  >\n\t\t\t\t\t\t\t\tAvec le coaching sportif \u00e0 distance, tu b\u00e9n\u00e9ficies d\u2019un accompagnement professionnel et sans contrainte g\u00e9ographique. Ainsi, o\u00f9 que tu sois, tu peux suivre un programme structur\u00e9, adapt\u00e9 \u00e0 ton niveau et \u00e0 tes objectifs.De<strong id=\"e-mnzvkm58-0mxlwcj\"> <\/strong>plus, tu avances \u00e0 ton rythme tout en restant guid\u00e9 par un coach exp\u00e9riment\u00e9.<br><br>Avec Move\u2019Up Coaching, le coaching sportif \u00e0 distance personnalis\u00e9 devient une solution simple, flexible et performante pour atteindre tes objectifs. En<strong id=\"e-mnzvkm58-by31dmj\"> <\/strong>effet, tu es accompagn\u00e9 \u00e0 chaque \u00e9tape, avec un suivi s\u00e9rieux et une m\u00e9thode adapt\u00e9e \u00e0 ton rythme.Enfin, tu progresses de mani\u00e8re structur\u00e9e, tout en b\u00e9n\u00e9ficiant d\u2019un encadrement constant.\n\t\t\t\t\t<\/p>\n\t\t\t\t\t<\/div>\n\t\t\t\t<\/div>\n\t\t<div class=\"elementor-element elementor-element-aa49fdc e-con-full e-flex e-con e-parent\" data-id=\"aa49fdc\" data-element_type=\"container\" data-e-type=\"container\">\n\t\t\t\t\t\t\t\t<p class=\"e-b197570-8b30915 e-paragraph-base\" data-interaction-id=\"b197570\"  >\n\t\t\t\t\t\t\t\tEt surtout, ce n\u2019est pas un accompagnement 100 % distanciel par principe : le pr\u00e9sentiel garde toute sa place. <br>Des s\u00e9ances en face-\u00e0-face peuvent \u00eatre int\u00e9gr\u00e9es au suivi lorsque c\u2019est possible ou pertinent, afin d\u2019optimiser la technique, la motivation et la progression.<br>L\u2019objectif reste le m\u00eame : des r\u00e9sultats concrets, avec un cadre s\u00e9rieux et un accompagnement de qualit\u00e9.\n\t\t\t\t\t<\/p>\n\t\t\t\t<\/div>\n\t\t<div class=\"elementor-element elementor-element-f8c35a3 e-flex e-con-boxed e-con e-parent\" data-id=\"f8c35a3\" data-element_type=\"container\" data-e-type=\"container\">\n\t\t\t\t\t<div class=\"e-con-inner\">\n\t\t\t\t\t\t\t\t<p class=\"e-239f1a1-96a5b08 e-paragraph-base\" data-interaction-id=\"239f1a1\"  >\n\t\t\t\t\t\t\t\tLe coaching en ligne, c\u2019est l\u2019\u00e9quilibre parfait entre libert\u00e9 et rigueur. M\u00eame \u00e0 distance, tu n\u2019es jamais seul. \u2028Tu es accompagn\u00e9, soutenu et guid\u00e9 vers des r\u00e9sultats concrets.<br>\n\t\t\t\t\t<\/p>\n\t\t\t\t\t<\/div>\n\t\t\t\t<\/div>\n\t\t<div class=\"elementor-element elementor-element-e843949 e-flex e-con-boxed e-con e-parent\" data-id=\"e843949\" data-element_type=\"container\" data-e-type=\"container\">\n\t\t\t\t\t<div class=\"e-con-inner\">\n\t\t\t\t<div class=\"elementor-element elementor-element-48a1e21 elementor-arrows-position-inside elementor-widget elementor-widget-image-carousel\" data-id=\"48a1e21\" data-element_type=\"widget\" data-e-type=\"widget\" data-settings=\"{&quot;slides_to_show&quot;:&quot;3&quot;,&quot;slides_to_scroll&quot;:&quot;1&quot;,&quot;navigation&quot;:&quot;arrows&quot;,&quot;autoplay&quot;:&quot;yes&quot;,&quot;pause_on_hover&quot;:&quot;yes&quot;,&quot;pause_on_interaction&quot;:&quot;yes&quot;,&quot;autoplay_speed&quot;:5000,&quot;infinite&quot;:&quot;yes&quot;,&quot;speed&quot;:500}\" data-widget_type=\"image-carousel.default\">\n\t\t\t\t\t\t\t<div class=\"elementor-image-carousel-wrapper swiper\" role=\"region\" aria-roledescription=\"carousel\" aria-label=\"Image Carousel\" dir=\"ltr\">\n\t\t\t<div class=\"elementor-image-carousel swiper-wrapper\" aria-live=\"off\">\n\t\t\t\t\t\t\t\t<div class=\"swiper-slide\" role=\"group\" aria-roledescription=\"slide\" aria-label=\"1 sur 4\"><figure class=\"swiper-slide-inner\"><img decoding=\"async\" class=\"swiper-slide-image\" src=\"https:\/\/aliceleperchois.com\/wp-content\/uploads\/2026\/04\/full-shot-man-with-laptop-scaled.jpg\" alt=\"Coach sportif en visio pour donner une s\u00e9ance\" \/><\/figure><\/div><div class=\"swiper-slide\" role=\"group\" aria-roledescription=\"slide\" aria-label=\"2 sur 4\"><figure class=\"swiper-slide-inner\"><img decoding=\"async\" class=\"swiper-slide-image\" src=\"https:\/\/aliceleperchois.com\/wp-content\/uploads\/2026\/04\/full-shot-woman-mat-with-tablet-scaled.jpg\" alt=\"Femme qui va commencer sa s\u00e9ance de sport en ligne\" \/><\/figure><\/div><div class=\"swiper-slide\" role=\"group\" aria-roledescription=\"slide\" aria-label=\"3 sur 4\"><figure class=\"swiper-slide-inner\"><img decoding=\"async\" class=\"swiper-slide-image\" src=\"https:\/\/aliceleperchois.com\/wp-content\/uploads\/2026\/04\/black-woman-doing-fitness-home-scaled.jpg\" alt=\"Femme en pleine s\u00e9ance de sport en ligne\" \/><\/figure><\/div><div class=\"swiper-slide\" role=\"group\" aria-roledescription=\"slide\" aria-label=\"4 sur 4\"><figure class=\"swiper-slide-inner\"><img decoding=\"async\" class=\"swiper-slide-image\" src=\"https:\/\/aliceleperchois.com\/wp-content\/uploads\/2026\/04\/full-shot-woman-holding-tablet-scaled.jpg\" alt=\"Personne \u00e2g\u00e9e qui va faire du sport en ligne\" \/><\/figure><\/div>\t\t\t<\/div>\n\t\t\t\t\t\t\t\t\t\t\t\t<div class=\"elementor-swiper-button elementor-swiper-button-prev\" role=\"button\" tabindex=\"0\">\n\t\t\t\t\t\t<svg aria-hidden=\"true\" class=\"e-font-icon-svg e-eicon-chevron-left\" viewBox=\"0 0 1000 1000\" xmlns=\"http:\/\/www.w3.org\/2000\/svg\"><path d=\"M646 125C629 125 613 133 604 142L308 442C296 454 292 471 292 487 292 504 296 521 308 533L604 854C617 867 629 875 646 875 663 875 679 871 692 858 704 846 713 829 713 812 713 796 708 779 692 767L438 487 692 225C700 217 708 204 708 187 708 171 704 154 692 142 675 129 663 125 646 125Z\"><\/path><\/svg>\t\t\t\t\t<\/div>\n\t\t\t\t\t<div class=\"elementor-swiper-button elementor-swiper-button-next\" role=\"button\" tabindex=\"0\">\n\t\t\t\t\t\t<svg aria-hidden=\"true\" class=\"e-font-icon-svg e-eicon-chevron-right\" viewBox=\"0 0 1000 1000\" xmlns=\"http:\/\/www.w3.org\/2000\/svg\"><path d=\"M696 533C708 521 713 504 713 487 713 471 708 454 696 446L400 146C388 133 375 125 354 125 338 125 325 129 313 142 300 154 292 171 292 187 292 204 296 221 308 233L563 492 304 771C292 783 288 800 288 817 288 833 296 850 308 863 321 871 338 875 354 875 371 875 388 867 400 854L696 533Z\"><\/path><\/svg>\t\t\t\t\t<\/div>\n\t\t\t\t\n\t\t\t\t\t\t\t\t\t<\/div>\n\t\t\t\t\t\t<\/div>\n\t\t\t\t\t<\/div>\n\t\t\t\t<\/div>\n\t\t<div class=\"elementor-element elementor-element-c6b4002 e-flex e-con-boxed e-con e-parent\" data-id=\"c6b4002\" data-element_type=\"container\" data-e-type=\"container\">\n\t\t\t\t\t<div class=\"e-con-inner\">\n\t\t\t\t<div class=\"elementor-element elementor-element-1d06a65 elementor-align-center elementor-widget elementor-widget-button\" data-id=\"1d06a65\" data-element_type=\"widget\" data-e-type=\"widget\" data-widget_type=\"button.default\">\n\t\t\t\t\t\t\t\t\t\t<a class=\"elementor-button elementor-button-link elementor-size-sm\" href=\"#\">\n\t\t\t\t\t\t<span class=\"elementor-button-content-wrapper\">\n\t\t\t\t\t\t\t\t\t<span class=\"elementor-button-text\">Tarifs<\/span>\n\t\t\t\t\t<\/span>\n\t\t\t\t\t<\/a>\n\t\t\t\t\t\t\t\t<\/div>\n\t\t\t\t\t<\/div>\n\t\t\t\t<\/div>\n\t\t\t\t<\/div>\n\t\t","protected":false},"excerpt":{"rendered":"<p>TON COACHDANS TA POCHE Coaching sportif \u00e0 distance personnalis\u00e9 avec Move\u2019Up Coaching. Profite d\u2019un suivi professionnel, flexible et efficace pour [&hellip;]<\/p>\n","protected":false},"author":1,"featured_media":0,"parent":0,"menu_order":0,"comment_status":"closed","ping_status":"closed","template":"","meta":{"site-sidebar-layout":"no-sidebar","site-content-layout":"","ast-site-content-layout":"full-width-container","site-content-style":"default","site-sidebar-style":"default","ast-global-header-display":"","ast-banner-title-visibility":"","ast-main-header-display":"","ast-hfb-above-header-display":"","ast-hfb-below-header-display":"","ast-hfb-mobile-header-display":"","site-post-title":"disabled","ast-breadcrumbs-content":"","ast-featured-img":"disabled","footer-sml-layout":"","ast-disable-related-posts":"","theme-transparent-header-meta":"","adv-header-id-meta":"","stick-header-meta":"","header-above-stick-meta":"","header-main-stick-meta":"","header-below-stick-meta":"","astra-migrate-meta-layouts":"default","ast-page-background-enabled":"default","ast-page-background-meta":{"desktop":{"background-color":"var(--ast-global-color-5)","background-image":"","background-repeat":"repeat","background-position":"center center","background-size":"auto","background-attachment":"scroll","background-type":"","background-media":"","overlay-type":"","overlay-color":"","overlay-opacity":"","overlay-gradient":""},"tablet":{"background-color":"","background-image":"","background-repeat":"repeat","background-position":"center center","background-size":"auto","background-attachment":"scroll","background-type":"","background-media":"","overlay-type":"","overlay-color":"","overlay-opacity":"","overlay-gradient":""},"mobile":{"background-color":"","background-image":"","background-repeat":"repeat","background-position":"center center","background-size":"auto","background-attachment":"scroll","background-type":"","background-media":"","overlay-type":"","overlay-color":"","overlay-opacity":"","overlay-gradient":""}},"ast-content-background-meta":{"desktop":{"background-color":"var(--ast-global-color-4)","background-image":"","background-repeat":"repeat","background-position":"center center","background-size":"auto","background-attachment":"scroll","background-type":"","background-media":"","overlay-type":"","overlay-color":"","overlay-opacity":"","overlay-gradient":""},"tablet":{"background-color":"var(--ast-global-color-4)","background-image":"","background-repeat":"repeat","background-position":"center center","background-size":"auto","background-attachment":"scroll","background-type":"","background-media":"","overlay-type":"","overlay-color":"","overlay-opacity":"","overlay-gradient":""},"mobile":{"background-color":"var(--ast-global-color-4)","background-image":"","background-repeat":"repeat","background-position":"center center","background-size":"auto","background-attachment":"scroll","background-type":"","background-media":"","overlay-type":"","overlay-color":"","overlay-opacity":"","overlay-gradient":""}},"footnotes":""},"class_list":["post-43","page","type-page","status-publish","hentry"],"_links":{"self":[{"href":"https:\/\/aliceleperchois.com\/wp-json\/wp\/v2\/pages\/43","targetHints":{"allow":["GET"]}}],"collection":[{"href":"https:\/\/aliceleperchois.com\/wp-json\/wp\/v2\/pages"}],"about":[{"href":"https:\/\/aliceleperchois.com\/wp-json\/wp\/v2\/types\/page"}],"author":[{"embeddable":true,"href":"https:\/\/aliceleperchois.com\/wp-json\/wp\/v2\/users\/1"}],"replies":[{"embeddable":true,"href":"https:\/\/aliceleperchois.com\/wp-json\/wp\/v2\/comments?post=43"}],"version-history":[{"count":85,"href":"https:\/\/aliceleperchois.com\/wp-json\/wp\/v2\/pages\/43\/revisions"}],"predecessor-version":[{"id":1409,"href":"https:\/\/aliceleperchois.com\/wp-json\/wp\/v2\/pages\/43\/revisions\/1409"}],"wp:attachment":[{"href":"https:\/\/aliceleperchois.com\/wp-json\/wp\/v2\/media?parent=43"}],"curies":[{"name":"wp","href":"https:\/\/api.w.org\/{rel}","templated":true}]}}