{"id":196,"date":"2026-04-03T08:31:21","date_gmt":"2026-04-03T08:31:21","guid":{"rendered":"https:\/\/aliceleperchois.com\/?page_id=196"},"modified":"2026-04-16T19:17:30","modified_gmt":"2026-04-16T19:17:30","slug":"contact","status":"publish","type":"page","link":"https:\/\/aliceleperchois.com\/contact\/","title":{"rendered":"Contact"},"content":{"rendered":"\t\t<div data-elementor-type=\"wp-page\" data-elementor-id=\"196\" class=\"elementor elementor-196\">\n\t\t\t\t<div class=\"elementor-element elementor-element-eb0d459 e-flex e-con-boxed e-con e-parent\" data-id=\"eb0d459\" data-element_type=\"container\" data-e-type=\"container\" data-settings=\"{&quot;background_background&quot;:&quot;classic&quot;}\">\n\t\t\t\t\t<div class=\"e-con-inner\">\n\t\t\t\t\t\t\t<h1 \n\t\tdata-interaction-id=\"236e1f1\" \n\t\tclass=\"e-236e1f1-dcda9e0 e-heading-base\" \n\t\t \n\t\t\n\t>\n\t\n\t\t\tPARLONS DE<br>TON PROJET SPORTIF\n\t\t<\/h1>\n\t\t\t\t\t\t\t\t<p class=\"e-1b2ee66-bde4d0b e-paragraph-base\" data-interaction-id=\"1b2ee66\"  >\n\t\t\t\t\t\t\t\tQue tu es une question, souhaites r\u00e9server une s\u00e9ance d\u00e9couverte ou obtenir des informations sur nos formules, je suis l\u00e0 pour te r\u00e9pondre dans les 24 heures. La premi\u00e8re \u00e9tape est toujours la plus difficile \u2013 franchis-la\n\t\t\t\t\t<\/p>\n\t\t\t\t\t<\/div>\n\t\t\t\t<\/div>\n\t\t<div class=\"elementor-element elementor-element-9e0c892 e-flex e-con-boxed e-con e-parent\" data-id=\"9e0c892\" data-element_type=\"container\" data-e-type=\"container\" data-settings=\"{&quot;background_background&quot;:&quot;classic&quot;}\">\n\t\t\t\t\t<div class=\"e-con-inner\">\n\t\t\t\t\t<\/div>\n\t\t\t\t<\/div>\n\t\t<div class=\"elementor-element elementor-element-10706da e-flex e-con-boxed e-con e-parent\" data-id=\"10706da\" data-element_type=\"container\" data-e-type=\"container\">\n\t\t\t\t\t<div class=\"e-con-inner\">\n\t\t<div class=\"elementor-element elementor-element-62c38d7 e-con-full e-flex e-con e-child\" data-id=\"62c38d7\" data-element_type=\"container\" data-e-type=\"container\">\n\t\t\t\t<\/div>\n\t\t<div class=\"elementor-element elementor-element-c478130 e-con-full e-flex e-con e-child\" data-id=\"c478130\" data-element_type=\"container\" data-e-type=\"container\">\n\t\t\t\t\t\t\t<h2 \n\t\tdata-interaction-id=\"3e59127\" \n\t\tclass=\"e-3e59127-0f52b07 e-heading-base\" \n\t\t \n\t\t\n\t>\n\t\n\t\t\tENVOIE-MOI<br>UN MESSAGE\n\t\t<\/h2>\n\t\t\t\t<div class=\"elementor-element elementor-element-9a16ed5 elementor-widget elementor-widget-wpforms\" data-id=\"9a16ed5\" data-element_type=\"widget\" data-e-type=\"widget\" data-widget_type=\"wpforms.default\">\n\t\t\t\t<div class=\"elementor-widget-container\">\n\t\t\t\t\t<style id=\"wpforms-css-vars-elementor-widget-9a16ed5\">\n\t\t\t\t.elementor-widget-wpforms.elementor-element-9a16ed5 {\n\t\t\t\t--wpforms-field-background-color: #FFFFFF;\n--wpforms-field-border-color: #FFFFFF;\n--wpforms-field-border-color-spare: #FFFFFF;\n--wpforms-button-background-color: #134691;\n--wpforms-page-break-color: #134691;\n--wpforms-field-text-color: #000000;\n--wpforms-label-color: #FFFFFFD9;\n--wpforms-label-sublabel-color: #134691;\n--wpforms-button-border-style: solid;\n--wpforms-button-border-radius: 10px;\n--wpforms-button-border-color: #E0F1F7;\n--wpforms-button-text-color: #FFFFFF;\n--wpforms-field-border-size: 3px;\n--wpforms-field-border-radius: 4px;\n--wpforms-button-size-font-size: 20px;\n--wpforms-button-size-height: 48px;\n--wpforms-button-size-padding-h: 20px;\n--wpforms-button-size-margin-top: 15px;\n\t\t\t}\n\t\t\t<\/style><div class=\"wpforms-container wpforms-container-full wpforms-render-modern\" id=\"wpforms-203\"><form id=\"wpforms-form-203\" class=\"wpforms-validate wpforms-form wpforms-ajax-form\" data-formid=\"203\" method=\"post\" enctype=\"multipart\/form-data\" action=\"\/index.php?rest_route=%2Fwp%2Fv2%2Fpages%2F196\" data-token=\"0e7618cde330526e42fc913eb7340e9a\" data-token-time=\"1776696362\"><noscript class=\"wpforms-error-noscript\">Veuillez activer JavaScript dans votre navigateur pour remplir ce formulaire.<\/noscript><div id=\"wpforms-error-noscript\" style=\"display: none;\">Veuillez activer JavaScript dans votre navigateur pour remplir ce formulaire.<\/div><div class=\"wpforms-field-container\"><div id=\"wpforms-203-field_1-container\" class=\"wpforms-field wpforms-field-name\" data-field-id=\"1\"><label class=\"wpforms-field-label\" for=\"wpforms-203-field_1\">Nom complet <span class=\"wpforms-required-label\" aria-hidden=\"true\">*<\/span><\/label><input type=\"text\" id=\"wpforms-203-field_1\" class=\"wpforms-field-large wpforms-field-required\" name=\"wpforms[fields][1]\" aria-errormessage=\"wpforms-203-field_1-error\" required><\/div><div id=\"wpforms-203-field_8-container\" class=\"wpforms-field wpforms-field-email\" data-field-id=\"8\"><label class=\"wpforms-field-label\" for=\"wpforms-203-field_8\">Email <span class=\"wpforms-required-label\" aria-hidden=\"true\">*<\/span><\/label><input type=\"email\" id=\"wpforms-203-field_8\" class=\"wpforms-field-large wpforms-field-required\" name=\"wpforms[fields][8]\" spellcheck=\"false\" aria-errormessage=\"wpforms-203-field_8-error\" required><\/div><div id=\"wpforms-203-field_2-container\" class=\"wpforms-field wpforms-field-text\" data-field-id=\"2\"><label class=\"wpforms-field-label\" for=\"wpforms-203-field_2\">Num\u00e9ro de t\u00e9l\u00e9phone  <span class=\"wpforms-required-label\" aria-hidden=\"true\">*<\/span><\/label><input type=\"text\" id=\"wpforms-203-field_2\" class=\"wpforms-field-large wpforms-field-required\" name=\"wpforms[fields][2]\" aria-errormessage=\"wpforms-203-field_2-error\" required><\/div><div id=\"wpforms-203-field_4-container\" class=\"wpforms-field wpforms-field-select wpforms-field-select-style-classic\" data-field-id=\"4\"><label class=\"wpforms-field-label\" for=\"wpforms-203-field_4\">Tu es int\u00e9ress\u00e9(e) par<\/label><select id=\"wpforms-203-field_4\" class=\"wpforms-field-large\" name=\"wpforms[fields][4]\"><option value=\"Le coaching individuel\"  class=\"choice-1 depth-1\"  >Le coaching individuel<\/option><option value=\"Les cours collectifs\"  class=\"choice-2 depth-1\"  >Les cours collectifs<\/option><option value=\"Les packs\"  class=\"choice-3 depth-1\"  >Les packs<\/option><\/select><\/div><div id=\"wpforms-203-field_5-container\" class=\"wpforms-field wpforms-field-select wpforms-field-select-style-classic\" data-field-id=\"5\"><label class=\"wpforms-field-label\" for=\"wpforms-203-field_5\">Ton niveau actuel<\/label><select id=\"wpforms-203-field_5\" class=\"wpforms-field-large\" name=\"wpforms[fields][5]\"><option value=\"D\u00e9butant\"  class=\"choice-1 depth-1\"  >D\u00e9butant<\/option><option value=\"Inactif - Reprise\"  class=\"choice-2 depth-1\"  >Inactif - Reprise<\/option><option value=\"Actif\"  class=\"choice-3 depth-1\"  >Actif<\/option><option value=\"Pro\"  class=\"choice-4 depth-1\"  >Pro<\/option><option value=\"Senior - Post OP\"  class=\"choice-5 depth-1\"  >Senior - Post OP<\/option><\/select><\/div>\t\t<div id=\"wpforms-203-field_3-container\"\n\t\t\tclass=\"wpforms-field wpforms-field-text\"\n\t\t\tdata-field-type=\"text\"\n\t\t\tdata-field-id=\"3\"\n\t\t\t>\n\t\t\t<label class=\"wpforms-field-label\" for=\"wpforms-203-field_3\" >de Tu es<\/label>\n\t\t\t<input type=\"text\" id=\"wpforms-203-field_3\" class=\"wpforms-field-medium\" name=\"wpforms[fields][3]\" >\n\t\t<\/div>\n\t\t<div id=\"wpforms-203-field_6-container\" class=\"wpforms-field wpforms-field-textarea\" data-field-id=\"6\"><label class=\"wpforms-field-label\" for=\"wpforms-203-field_6\">Message<\/label><textarea id=\"wpforms-203-field_6\" class=\"wpforms-field-medium\" name=\"wpforms[fields][6]\" aria-errormessage=\"wpforms-203-field_6-error\" ><\/textarea><\/div><script>\n\t\t\t\t( function() {\n\t\t\t\t\tconst style = document.createElement( 'style' );\n\t\t\t\t\tstyle.appendChild( document.createTextNode( '#wpforms-203-field_3-container { position: absolute !important; overflow: hidden !important; display: inline !important; height: 1px !important; width: 1px !important; z-index: -1000 !important; padding: 0 !important; } #wpforms-203-field_3-container input { visibility: hidden; } #wpforms-conversational-form-page #wpforms-203-field_3-container label { counter-increment: none; }' ) );\n\t\t\t\t\tdocument.head.appendChild( style );\n\t\t\t\t\tdocument.currentScript?.remove();\n\t\t\t\t} )();\n\t\t\t<\/script><\/div><!-- .wpforms-field-container --><div class=\"wpforms-submit-container\" ><input type=\"hidden\" name=\"wpforms[id]\" value=\"203\"><input type=\"hidden\" name=\"page_title\" value=\"\"><input type=\"hidden\" name=\"page_url\" value=\"https:\/\/aliceleperchois.com\/index.php?rest_route=\/wp\/v2\/pages\/196\"><input type=\"hidden\" name=\"url_referer\" value=\"\"><button type=\"submit\" name=\"wpforms[submit]\" id=\"wpforms-submit-203\" class=\"wpforms-submit\" data-alt-text=\"En cours d&#039;envoie ...\" data-submit-text=\"Envoyer\" aria-live=\"assertive\" value=\"wpforms-submit\">Envoyer<\/button><img decoding=\"async\" src=\"https:\/\/aliceleperchois.com\/wp-content\/plugins\/wpforms-lite\/assets\/images\/submit-spin.svg\" class=\"wpforms-submit-spinner\" style=\"display: none;\" width=\"26\" height=\"26\" alt=\"Chargement en cours\"><\/div><\/form><\/div>  <!-- .wpforms-container -->\t\t\t\t<\/div>\n\t\t\t\t<\/div>\n\t\t\t\t<\/div>\n\t\t<div class=\"elementor-element elementor-element-2d95c2d e-con-full e-flex e-con e-child\" data-id=\"2d95c2d\" data-element_type=\"container\" data-e-type=\"container\">\n\t\t\t\t<\/div>\n\t\t\t\t\t<\/div>\n\t\t\t\t<\/div>\n\t\t<div class=\"elementor-element elementor-element-37e39f0 e-flex e-con-boxed e-con e-parent\" data-id=\"37e39f0\" data-element_type=\"container\" data-e-type=\"container\">\n\t\t\t\t\t<div class=\"e-con-inner\">\n\t\t\t\t\t\n<hr class=\"e-e75fdd0-41367ce e-divider-base\" data-interaction-id=\"e75fdd0\"   \/>\n\t\t\t\t\t\t\t<h2 \n\t\tdata-interaction-id=\"91fb885\" \n\t\tclass=\"e-91fb885-b02f368 e-heading-base\" \n\t\t \n\t\t\n\t>\n\t\n\t\t\tINFORMATIONS DE CONTACT\n\t\t<\/h2>\n\t\t\t\t\t\t\t\t<p class=\"e-68e1ebb-50ca17e e-paragraph-base\" data-interaction-id=\"68e1ebb\"  >\n\t\t\t\t\t\t\t\t01 02 03 04 05<br>benjamin.dubois@gmail.com\n\t\t\t\t\t<\/p>\n\t\t\t\t\t<\/div>\n\t\t\t\t<\/div>\n\t\t\t\t<\/div>\n\t\t","protected":false},"excerpt":{"rendered":"<p>PARLONS DETON PROJET SPORTIF Que tu es une question, souhaites r\u00e9server une s\u00e9ance d\u00e9couverte ou obtenir des informations sur nos [&hellip;]<\/p>\n","protected":false},"author":1,"featured_media":0,"parent":0,"menu_order":0,"comment_status":"closed","ping_status":"closed","template":"","meta":{"site-sidebar-layout":"no-sidebar","site-content-layout":"","ast-site-content-layout":"full-width-container","site-content-style":"default","site-sidebar-style":"default","ast-global-header-display":"","ast-banner-title-visibility":"","ast-main-header-display":"","ast-hfb-above-header-display":"","ast-hfb-below-header-display":"","ast-hfb-mobile-header-display":"","site-post-title":"disabled","ast-breadcrumbs-content":"","ast-featured-img":"disabled","footer-sml-layout":"","ast-disable-related-posts":"","theme-transparent-header-meta":"","adv-header-id-meta":"","stick-header-meta":"","header-above-stick-meta":"","header-main-stick-meta":"","header-below-stick-meta":"","astra-migrate-meta-layouts":"default","ast-page-background-enabled":"default","ast-page-background-meta":{"desktop":{"background-color":"var(--ast-global-color-5)","background-image":"","background-repeat":"repeat","background-position":"center center","background-size":"auto","background-attachment":"scroll","background-type":"","background-media":"","overlay-type":"","overlay-color":"","overlay-opacity":"","overlay-gradient":""},"tablet":{"background-color":"","background-image":"","background-repeat":"repeat","background-position":"center center","background-size":"auto","background-attachment":"scroll","background-type":"","background-media":"","overlay-type":"","overlay-color":"","overlay-opacity":"","overlay-gradient":""},"mobile":{"background-color":"","background-image":"","background-repeat":"repeat","background-position":"center center","background-size":"auto","background-attachment":"scroll","background-type":"","background-media":"","overlay-type":"","overlay-color":"","overlay-opacity":"","overlay-gradient":""}},"ast-content-background-meta":{"desktop":{"background-color":"var(--ast-global-color-4)","background-image":"","background-repeat":"repeat","background-position":"center center","background-size":"auto","background-attachment":"scroll","background-type":"","background-media":"","overlay-type":"","overlay-color":"","overlay-opacity":"","overlay-gradient":""},"tablet":{"background-color":"var(--ast-global-color-4)","background-image":"","background-repeat":"repeat","background-position":"center center","background-size":"auto","background-attachment":"scroll","background-type":"","background-media":"","overlay-type":"","overlay-color":"","overlay-opacity":"","overlay-gradient":""},"mobile":{"background-color":"var(--ast-global-color-4)","background-image":"","background-repeat":"repeat","background-position":"center center","background-size":"auto","background-attachment":"scroll","background-type":"","background-media":"","overlay-type":"","overlay-color":"","overlay-opacity":"","overlay-gradient":""}},"footnotes":""},"class_list":["post-196","page","type-page","status-publish","hentry"],"_links":{"self":[{"href":"https:\/\/aliceleperchois.com\/wp-json\/wp\/v2\/pages\/196","targetHints":{"allow":["GET"]}}],"collection":[{"href":"https:\/\/aliceleperchois.com\/wp-json\/wp\/v2\/pages"}],"about":[{"href":"https:\/\/aliceleperchois.com\/wp-json\/wp\/v2\/types\/page"}],"author":[{"embeddable":true,"href":"https:\/\/aliceleperchois.com\/wp-json\/wp\/v2\/users\/1"}],"replies":[{"embeddable":true,"href":"https:\/\/aliceleperchois.com\/wp-json\/wp\/v2\/comments?post=196"}],"version-history":[{"count":56,"href":"https:\/\/aliceleperchois.com\/wp-json\/wp\/v2\/pages\/196\/revisions"}],"predecessor-version":[{"id":1311,"href":"https:\/\/aliceleperchois.com\/wp-json\/wp\/v2\/pages\/196\/revisions\/1311"}],"wp:attachment":[{"href":"https:\/\/aliceleperchois.com\/wp-json\/wp\/v2\/media?parent=196"}],"curies":[{"name":"wp","href":"https:\/\/api.w.org\/{rel}","templated":true}]}}